{"id":272,"date":"2024-01-29T16:47:45","date_gmt":"2024-01-29T16:47:45","guid":{"rendered":"https:\/\/startersites.io\/blocksy\/smile-dent\/?page_id=7"},"modified":"2024-08-29T19:59:07","modified_gmt":"2024-08-29T19:59:07","slug":"glowna","status":"publish","type":"page","link":"https:\/\/fosmed.pl\/","title":{"rendered":"Fosmed"},"content":{"rendered":"\n<div class=\"wp-block-greenshift-blocks-row gspb_row gspb_row-id-gsbp-cb82c0f gspb_row--gutter-10\" id=\"gspb_row-id-gsbp-cb82c0f\"><div class=\"gspb_row__content\"> \n<div class=\"wp-block-greenshift-blocks-row-column gspb_row__col--6 gspb_col-id-gsbp-ff06bf7\" id=\"gspb_col-id-gsbp-ff06bf7\">\n<h2 id=\"gspb_heading-id-gsbp-698d9fb\" class=\"gspb_heading gspb_heading-id-gsbp-698d9fb \"><\/h2>\n<\/div>\n\n\n\n<div class=\"wp-block-greenshift-blocks-row-column gspb_row__col--6 gspb_col-id-gsbp-f0787fd\" id=\"gspb_col-id-gsbp-f0787fd\">\n<div class=\"wp-block-greenshift-blocks-image gspb_image gspb_image-id-gsbp-59accd1 alignwide\" id=\"gspb_image-id-gsbp-59accd1\"><img decoding=\"async\" src=\"https:\/\/fosmed.pl\/wp-content\/uploads\/2024\/08\/logo-fosmed-3.png\" data-src=\"\" alt=\"\" loading=\"lazy\" width=\"732\" height=\"98\"\/><\/div>\n<\/div>\n <\/div><\/div>\n\n\n<style>.wp-block-kadence-spacer.kt-block-spacer-272_efc858-76 .kt-block-spacer{height:48px;}.wp-block-kadence-spacer.kt-block-spacer-272_efc858-76 .kt-divider{border-top-width:3px;height:1px;border-top-color:var(--theme-palette-color-2, #24417C);width:80%;border-top-style:solid;}<\/style>\n<div class=\"wp-block-kadence-spacer aligncenter kt-block-spacer-272_efc858-76\"><div class=\"kt-block-spacer kt-block-spacer-halign-center\"><hr class=\"kt-divider\"\/><\/div><\/div>\n\n\n<style>.kb-row-layout-wrap.wp-block-kadence-rowlayout.kb-row-layout-id272_ca341a-c5{margin-top:var(--global-kb-spacing-xs, 1rem);margin-bottom:var(--global-kb-spacing-xs, 1rem);}.kb-row-layout-id272_ca341a-c5 > .kt-row-column-wrap{align-content:start;}:where(.kb-row-layout-id272_ca341a-c5 > .kt-row-column-wrap) > .wp-block-kadence-column{justify-content:start;}.kb-row-layout-id272_ca341a-c5 > .kt-row-column-wrap{column-gap:var(--global-kb-gap-md, 2rem);row-gap:var(--global-kb-gap-md, 2rem);max-width:1387px;padding-top:var(--global-kb-spacing-sm, 1.5rem);padding-right:var(--global-kb-spacing-xxs, 0.5rem);padding-bottom:var(--global-kb-spacing-lg, 3rem);padding-left:var(--global-kb-spacing-xxs, 0.5rem);grid-template-columns:minmax(0, 1fr);}.kb-row-layout-id272_ca341a-c5 > .kt-row-layout-overlay{opacity:0.30;}@media all and (max-width: 1024px){.kb-row-layout-id272_ca341a-c5 > .kt-row-column-wrap{grid-template-columns:minmax(0, 1fr);}}@media all and (max-width: 767px){.kb-row-layout-id272_ca341a-c5 > .kt-row-column-wrap{grid-template-columns:minmax(0, 1fr);}}<\/style><div class=\"kb-row-layout-wrap kb-row-layout-id272_ca341a-c5 alignnone wp-block-kadence-rowlayout\"><div class=\"kt-row-column-wrap kt-has-1-columns kt-row-layout-equal kt-tab-layout-inherit kt-mobile-layout-row kt-row-valign-top kb-theme-content-width\">\n<style>.kadence-column272_f352cd-36 > .kt-inside-inner-col{display:flex;}.kadence-column272_f352cd-36 > .kt-inside-inner-col{padding-right:var(--global-kb-spacing-xs, 1rem);}.kadence-column272_f352cd-36 > .kt-inside-inner-col,.kadence-column272_f352cd-36 > .kt-inside-inner-col:before{border-top-left-radius:15px;border-top-right-radius:15px;border-bottom-right-radius:15px;border-bottom-left-radius:15px;}.kadence-column272_f352cd-36 > .kt-inside-inner-col{column-gap:var(--global-kb-gap-sm, 1rem);}.kadence-column272_f352cd-36 > .kt-inside-inner-col{flex-direction:column;justify-content:center;align-items:center;}.kadence-column272_f352cd-36 > .kt-inside-inner-col > .kb-image-is-ratio-size{align-self:stretch;}.kadence-column272_f352cd-36 > .kt-inside-inner-col > .wp-block-kadence-advancedgallery{align-self:stretch;}.kadence-column272_f352cd-36 > .kt-inside-inner-col > .aligncenter{width:100%;}.kt-row-column-wrap > .kadence-column272_f352cd-36{align-self:center;}.kt-inner-column-height-full:not(.kt-has-1-columns) > .wp-block-kadence-column.kadence-column272_f352cd-36{align-self:auto;}.kt-inner-column-height-full:not(.kt-has-1-columns) > .wp-block-kadence-column.kadence-column272_f352cd-36 > .kt-inside-inner-col{flex-direction:column;justify-content:center;}.kadence-column272_f352cd-36 > .kt-inside-inner-col:before{opacity:0.3;}.kadence-column272_f352cd-36{text-align:left;}.kadence-column272_f352cd-36{position:relative;}@media all and (max-width: 1024px){.kt-row-column-wrap > .kadence-column272_f352cd-36{align-self:center;}}@media all and (max-width: 1024px){.kt-inner-column-height-full:not(.kt-has-1-columns) > .wp-block-kadence-column.kadence-column272_f352cd-36{align-self:auto;}}@media all and (max-width: 1024px){.kt-inner-column-height-full:not(.kt-has-1-columns) > .wp-block-kadence-column.kadence-column272_f352cd-36 > .kt-inside-inner-col{flex-direction:column;justify-content:center;}}@media all and (max-width: 1024px){.kadence-column272_f352cd-36 > .kt-inside-inner-col{flex-direction:column;justify-content:center;align-items:center;}}@media all and (max-width: 767px){.kt-row-column-wrap > .kadence-column272_f352cd-36{align-self:center;}.kt-inner-column-height-full:not(.kt-has-1-columns) > .wp-block-kadence-column.kadence-column272_f352cd-36{align-self:auto;}.kt-inner-column-height-full:not(.kt-has-1-columns) > .wp-block-kadence-column.kadence-column272_f352cd-36 > .kt-inside-inner-col{flex-direction:column;justify-content:center;}.kadence-column272_f352cd-36 > .kt-inside-inner-col{flex-direction:column;justify-content:center;align-items:center;}}<\/style>\n<div class=\"wp-block-kadence-column kadence-column272_f352cd-36\"><div class=\"kt-inside-inner-col\">\n<h2>NAJNOWSZE KOMUNIKATY<\/h2>\n\n\n<style>.kb-posts-id-272_4e8db3-7c .kb-post-list-item{display:grid;}<\/style><ul class=\"wp-block-kadence-posts kb-posts kadence-posts-list kb-posts-id-272_4e8db3-7c content-wrap grid-cols kb-posts-style-unboxed grid-sm-col-2 grid-lg-col-3 item-image-style-above\"><li class=\"kb-post-list-item\">\n\t<article class=\"entry content-bg loop-entry post-811 post type-post status-publish format-standard has-post-thumbnail hentry category-informacje\">\n\t\t\t\t<a aria-hidden=\"true\" tabindex=\"-1\" role=\"presentation\" class=\"post-thumbnail kadence-thumbnail-ratio-2-3\" href=\"https:\/\/fosmed.pl\/index.php\/2024\/08\/26\/10-zasad-dla-ucznia\/\" aria-label=\"10 ZASAD DLA UCZNIA\">\n\t\t\t<div class=\"post-thumbnail-inner\">\n\t\t\t\t<img loading=\"lazy\" decoding=\"async\" width=\"768\" height=\"512\" src=\"https:\/\/fosmed.pl\/wp-content\/uploads\/2024\/08\/9999-768x512.jpg\" class=\"attachment-medium_large size-medium_large wp-post-image\" alt=\"10 ZASAD DLA UCZNIA\" srcset=\"https:\/\/fosmed.pl\/wp-content\/uploads\/2024\/08\/9999-768x512.jpg 768w, https:\/\/fosmed.pl\/wp-content\/uploads\/2024\/08\/9999-300x200.jpg 300w, https:\/\/fosmed.pl\/wp-content\/uploads\/2024\/08\/9999-1024x683.jpg 1024w, https:\/\/fosmed.pl\/wp-content\/uploads\/2024\/08\/9999-1536x1024.jpg 1536w, https:\/\/fosmed.pl\/wp-content\/uploads\/2024\/08\/9999-2048x1365.jpg 2048w\" sizes=\"auto, (max-width: 768px) 100vw, 768px\" \/>\t\t\t<\/div>\n\t\t<\/a><!-- .post-thumbnail -->\n\t\t\t\t<div class=\"entry-content-wrap\">\n\t\t\t<header class=\"entry-header\">\n\t\t<div class=\"entry-taxonomies\">\n\t\t<span class=\"category-links term-links category-style-normal\">\n\t\t\t<a href=\"https:\/\/fosmed.pl\/index.php\/category\/informacje\/\" rel=\"category tag\">Informacje<\/a>\t\t<\/span>\n\t<\/div><!-- .entry-taxonomies -->\n\t<h2 class=\"entry-title\"><a href=\"https:\/\/fosmed.pl\/index.php\/2024\/08\/26\/10-zasad-dla-ucznia\/\" rel=\"bookmark\">10 ZASAD DLA UCZNIA<\/a><\/h2>\t<div class=\"entry-meta entry-meta-divider-dot\">\n\t<span class=\"posted-by\"><span class=\"meta-label\">Przez<\/span><span class=\"author vcard\"><span class=\"fn n\">admin<\/span><\/span><\/span>\t\t\t<span class=\"posted-on\">\n\t\t\t\t<time class=\"entry-date published\" datetime=\"2024-08-26T18:44:06+00:00\">26 sierpnia, 2024<\/time><time class=\"updated\" datetime=\"2024-08-29T19:54:43+00:00\">29 sierpnia, 2024<\/time>\t\t\t<\/span>\n\t\t\t\t<\/div><!-- .entry-meta -->\n\t<\/header><!-- .entry-header -->\n\t<div class=\"entry-summary\">\n\t\t<p>Bezpieczny powr\u00f3t do szko\u0142y<\/p>\n\t<\/div><!-- .entry-summary -->\n\t<footer class=\"entry-footer\">\n\t\t\t<div class=\"entry-actions\">\n\t\t\t<p class=\"more-link-wrap\">\n\t\t\t\t<a href=\"https:\/\/fosmed.pl\/index.php\/2024\/08\/26\/10-zasad-dla-ucznia\/\" class=\"post-more-link\">\n\t\t\t\t\tDowiedz si\u0119 wi\u0119cej<span class=\"screen-reader-text\"> 10 ZASAD DLA UCZNIA<\/span><span class=\"kadence-svg-iconset svg-baseline\"><svg aria-hidden=\"true\" class=\"kadence-svg-icon kadence-arrow-right-alt-svg\" fill=\"currentColor\" version=\"1.1\" xmlns=\"http:\/\/www.w3.org\/2000\/svg\" width=\"27\" height=\"28\" viewBox=\"0 0 27 28\"><title>Kontynuuj<\/title><path d=\"M27 13.953c0 0.141-0.063 0.281-0.156 0.375l-6 5.531c-0.156 0.141-0.359 0.172-0.547 0.094-0.172-0.078-0.297-0.25-0.297-0.453v-3.5h-19.5c-0.281 0-0.5-0.219-0.5-0.5v-3c0-0.281 0.219-0.5 0.5-0.5h19.5v-3.5c0-0.203 0.109-0.375 0.297-0.453s0.391-0.047 0.547 0.078l6 5.469c0.094 0.094 0.156 0.219 0.156 0.359v0z\"><\/path>\n\t\t\t<\/svg><\/span>\t\t\t\t<\/a>\n\t\t\t<\/p>\n\t\t<\/div><!-- .entry-actions -->\n\t\t<\/footer><!-- .entry-footer -->\t\t<\/div>\n\t<\/article>\n<\/li>\n<li class=\"kb-post-list-item\">\n\t<article class=\"entry content-bg loop-entry post-803 post type-post status-publish format-standard has-post-thumbnail hentry category-informacje\">\n\t\t\t\t<a aria-hidden=\"true\" tabindex=\"-1\" role=\"presentation\" class=\"post-thumbnail kadence-thumbnail-ratio-2-3\" href=\"https:\/\/fosmed.pl\/index.php\/2024\/08\/26\/bezpieczny-powrot-do-szkoly\/\" aria-label=\"BEZPIECZNY POWR\u00d3T DO SZKO\u0141Y\">\n\t\t\t<div class=\"post-thumbnail-inner\">\n\t\t\t\t<img loading=\"lazy\" decoding=\"async\" width=\"768\" height=\"557\" src=\"https:\/\/fosmed.pl\/wp-content\/uploads\/2024\/08\/vg6-768x557.jpg\" class=\"attachment-medium_large size-medium_large wp-post-image\" alt=\"BEZPIECZNY POWR\u00d3T DO SZKO\u0141Y\" srcset=\"https:\/\/fosmed.pl\/wp-content\/uploads\/2024\/08\/vg6-768x557.jpg 768w, https:\/\/fosmed.pl\/wp-content\/uploads\/2024\/08\/vg6-300x217.jpg 300w, https:\/\/fosmed.pl\/wp-content\/uploads\/2024\/08\/vg6-1024x742.jpg 1024w, https:\/\/fosmed.pl\/wp-content\/uploads\/2024\/08\/vg6-1536x1113.jpg 1536w, https:\/\/fosmed.pl\/wp-content\/uploads\/2024\/08\/vg6-2048x1484.jpg 2048w\" sizes=\"auto, (max-width: 768px) 100vw, 768px\" \/>\t\t\t<\/div>\n\t\t<\/a><!-- .post-thumbnail -->\n\t\t\t\t<div class=\"entry-content-wrap\">\n\t\t\t<header class=\"entry-header\">\n\t\t<div class=\"entry-taxonomies\">\n\t\t<span class=\"category-links term-links category-style-normal\">\n\t\t\t<a href=\"https:\/\/fosmed.pl\/index.php\/category\/informacje\/\" rel=\"category tag\">Informacje<\/a>\t\t<\/span>\n\t<\/div><!-- .entry-taxonomies -->\n\t<h2 class=\"entry-title\"><a href=\"https:\/\/fosmed.pl\/index.php\/2024\/08\/26\/bezpieczny-powrot-do-szkoly\/\" rel=\"bookmark\">BEZPIECZNY POWR\u00d3T DO SZKO\u0141Y<\/a><\/h2>\t<div class=\"entry-meta entry-meta-divider-dot\">\n\t<span class=\"posted-by\"><span class=\"meta-label\">Przez<\/span><span class=\"author vcard\"><span class=\"fn n\">admin<\/span><\/span><\/span>\t\t\t<span class=\"posted-on\">\n\t\t\t\t<time class=\"entry-date published\" datetime=\"2024-08-26T18:24:14+00:00\">26 sierpnia, 2024<\/time><time class=\"updated\" datetime=\"2024-08-26T18:38:57+00:00\">26 sierpnia, 2024<\/time>\t\t\t<\/span>\n\t\t\t\t<\/div><!-- .entry-meta -->\n\t<\/header><!-- .entry-header -->\n\t<div class=\"entry-summary\">\n\t\t<p>Wskaz\u00f3wki dla rodzica<\/p>\n\t<\/div><!-- .entry-summary -->\n\t<footer class=\"entry-footer\">\n\t\t\t<div class=\"entry-actions\">\n\t\t\t<p class=\"more-link-wrap\">\n\t\t\t\t<a href=\"https:\/\/fosmed.pl\/index.php\/2024\/08\/26\/bezpieczny-powrot-do-szkoly\/\" class=\"post-more-link\">\n\t\t\t\t\tDowiedz si\u0119 wi\u0119cej<span class=\"screen-reader-text\"> BEZPIECZNY POWR\u00d3T DO SZKO\u0141Y<\/span><span class=\"kadence-svg-iconset svg-baseline\"><svg aria-hidden=\"true\" class=\"kadence-svg-icon kadence-arrow-right-alt-svg\" fill=\"currentColor\" version=\"1.1\" xmlns=\"http:\/\/www.w3.org\/2000\/svg\" width=\"27\" height=\"28\" viewBox=\"0 0 27 28\"><title>Kontynuuj<\/title><path d=\"M27 13.953c0 0.141-0.063 0.281-0.156 0.375l-6 5.531c-0.156 0.141-0.359 0.172-0.547 0.094-0.172-0.078-0.297-0.25-0.297-0.453v-3.5h-19.5c-0.281 0-0.5-0.219-0.5-0.5v-3c0-0.281 0.219-0.5 0.5-0.5h19.5v-3.5c0-0.203 0.109-0.375 0.297-0.453s0.391-0.047 0.547 0.078l6 5.469c0.094 0.094 0.156 0.219 0.156 0.359v0z\"><\/path>\n\t\t\t<\/svg><\/span>\t\t\t\t<\/a>\n\t\t\t<\/p>\n\t\t<\/div><!-- .entry-actions -->\n\t\t<\/footer><!-- .entry-footer -->\t\t<\/div>\n\t<\/article>\n<\/li>\n<li class=\"kb-post-list-item\">\n\t<article class=\"entry content-bg loop-entry post-735 post type-post status-publish format-standard has-post-thumbnail hentry category-informacje\">\n\t\t\t\t<a aria-hidden=\"true\" tabindex=\"-1\" role=\"presentation\" class=\"post-thumbnail kadence-thumbnail-ratio-2-3\" href=\"https:\/\/fosmed.pl\/index.php\/2024\/08\/23\/zwrot-zaleglych-badan-bilansowych\/\" aria-label=\"ZWROT ZALEG\u0141YCH BADA\u0143 BILANSOWYCH\">\n\t\t\t<div class=\"post-thumbnail-inner\">\n\t\t\t\t<img loading=\"lazy\" decoding=\"async\" width=\"768\" height=\"1152\" src=\"https:\/\/fosmed.pl\/wp-content\/uploads\/2024\/08\/zxc-768x1152.jpg\" class=\"attachment-medium_large size-medium_large wp-post-image\" alt=\"ZWROT ZALEG\u0141YCH BADA\u0143 BILANSOWYCH\" srcset=\"https:\/\/fosmed.pl\/wp-content\/uploads\/2024\/08\/zxc-768x1152.jpg 768w, https:\/\/fosmed.pl\/wp-content\/uploads\/2024\/08\/zxc-200x300.jpg 200w, https:\/\/fosmed.pl\/wp-content\/uploads\/2024\/08\/zxc-683x1024.jpg 683w, https:\/\/fosmed.pl\/wp-content\/uploads\/2024\/08\/zxc-1024x1536.jpg 1024w, https:\/\/fosmed.pl\/wp-content\/uploads\/2024\/08\/zxc-1365x2048.jpg 1365w, https:\/\/fosmed.pl\/wp-content\/uploads\/2024\/08\/zxc-scaled.jpg 1707w\" sizes=\"auto, (max-width: 768px) 100vw, 768px\" \/>\t\t\t<\/div>\n\t\t<\/a><!-- .post-thumbnail -->\n\t\t\t\t<div class=\"entry-content-wrap\">\n\t\t\t<header class=\"entry-header\">\n\t\t<div class=\"entry-taxonomies\">\n\t\t<span class=\"category-links term-links category-style-normal\">\n\t\t\t<a href=\"https:\/\/fosmed.pl\/index.php\/category\/informacje\/\" rel=\"category tag\">Informacje<\/a>\t\t<\/span>\n\t<\/div><!-- .entry-taxonomies -->\n\t<h2 class=\"entry-title\"><a href=\"https:\/\/fosmed.pl\/index.php\/2024\/08\/23\/zwrot-zaleglych-badan-bilansowych\/\" rel=\"bookmark\">ZWROT ZALEG\u0141YCH BADA\u0143 BILANSOWYCH<\/a><\/h2>\t<div class=\"entry-meta entry-meta-divider-dot\">\n\t<span class=\"posted-by\"><span class=\"meta-label\">Przez<\/span><span class=\"author vcard\"><span class=\"fn n\">Marek<\/span><\/span><\/span>\t\t\t<span class=\"posted-on\">\n\t\t\t\t<time class=\"entry-date published\" datetime=\"2024-08-23T09:06:49+00:00\">23 sierpnia, 2024<\/time><time class=\"updated\" datetime=\"2024-08-26T18:46:02+00:00\">26 sierpnia, 2024<\/time>\t\t\t<\/span>\n\t\t\t\t<\/div><!-- .entry-meta -->\n\t<\/header><!-- .entry-header -->\n\t<div class=\"entry-summary\">\n\t\t<p>PRZYPOMINAM &nbsp;O KONIECZNO\u015aCI ZWROTU ZALEG\u0141YCH BADA\u0143 BILANSOWYCH PA\u0143STWA DZIECI WYKONYWANYCH W UBIEG\u0141YM ROKU SZKOLNYM U UCZNI\u00d3W KLAS&nbsp; O, I, III, VII.&nbsp;&nbsp;Karty bilansowe mo\u017cna przekaza\u0107 bezpo\u015brednio do gabinetu piel\u0119gniarki, sekretariatu lub do wychowawcy. \u2013\u00a0BADANIA PRZESIEWOWE DO BILANS\u00d3W ZDROWIA UCZNIA\u00a0 W BIE\u017b\u0104CYM ROKU SZKOLNYM\u00a0b\u0119d\u0105 wykonywane u uczni\u00f3w klas O \/I, III, VII w klasie V tylko BADANIE [&hellip;]<\/p>\n\t<\/div><!-- .entry-summary -->\n\t<footer class=\"entry-footer\">\n\t\t\t<div class=\"entry-actions\">\n\t\t\t<p class=\"more-link-wrap\">\n\t\t\t\t<a href=\"https:\/\/fosmed.pl\/index.php\/2024\/08\/23\/zwrot-zaleglych-badan-bilansowych\/\" class=\"post-more-link\">\n\t\t\t\t\tDowiedz si\u0119 wi\u0119cej<span class=\"screen-reader-text\"> ZWROT ZALEG\u0141YCH BADA\u0143 BILANSOWYCH<\/span><span class=\"kadence-svg-iconset svg-baseline\"><svg aria-hidden=\"true\" class=\"kadence-svg-icon kadence-arrow-right-alt-svg\" fill=\"currentColor\" version=\"1.1\" xmlns=\"http:\/\/www.w3.org\/2000\/svg\" width=\"27\" height=\"28\" viewBox=\"0 0 27 28\"><title>Kontynuuj<\/title><path d=\"M27 13.953c0 0.141-0.063 0.281-0.156 0.375l-6 5.531c-0.156 0.141-0.359 0.172-0.547 0.094-0.172-0.078-0.297-0.25-0.297-0.453v-3.5h-19.5c-0.281 0-0.5-0.219-0.5-0.5v-3c0-0.281 0.219-0.5 0.5-0.5h19.5v-3.5c0-0.203 0.109-0.375 0.297-0.453s0.391-0.047 0.547 0.078l6 5.469c0.094 0.094 0.156 0.219 0.156 0.359v0z\"><\/path>\n\t\t\t<\/svg><\/span>\t\t\t\t<\/a>\n\t\t\t<\/p>\n\t\t<\/div><!-- .entry-actions -->\n\t\t<\/footer><!-- .entry-footer -->\t\t<\/div>\n\t<\/article>\n<\/li>\n<\/ul><\/div><\/div>\n\n<\/div><\/div>\n\n<style>.wp-block-kadence-spacer.kt-block-spacer-272_05339a-7e .kt-block-spacer{height:48px;}.wp-block-kadence-spacer.kt-block-spacer-272_05339a-7e .kt-divider{border-top-width:3px;height:1px;border-top-color:var(--theme-palette-color-2, #24417C);width:80%;border-top-style:solid;}<\/style>\n<div class=\"wp-block-kadence-spacer aligncenter kt-block-spacer-272_05339a-7e\"><div class=\"kt-block-spacer kt-block-spacer-halign-center\"><hr class=\"kt-divider\"\/><\/div><\/div>\n\n\n\n<div class=\"wp-block-greenshift-blocks-container gspb_container gspb_container-gsbp-964ad47\" id=\"gspb_container-id-gsbp-964ad47\">\n<div class=\"wp-block-greenshift-blocks-container gspb_container gspb_container-gsbp-2911d55\" id=\"gspb_container-id-gsbp-2911d55\">\n<div class=\"wp-block-greenshift-blocks-image gspb_image gspb_image-id-gsbp-1f2c198\" id=\"gspb_image-id-gsbp-1f2c198\"><img decoding=\"async\" src=\"https:\/\/fosmed.pl\/wp-content\/uploads\/2024\/08\/cf5-scaled.jpg\" data-src=\"\" alt=\"\" loading=\"lazy\" width=\"120\" height=\"1707\"\/><\/div>\n\n\n\n<div id=\"gspb_text-id-gsbp-fbc1320\" class=\"gspb_text gspb_text-id-gsbp-fbc1320 \">Katarzyna Ruszczy\u0144ska<\/div>\n<\/div>\n\n\n\n<div class=\"wp-block-greenshift-blocks-container gspb_container gspb_container-gsbp-e9f6ea5\" id=\"gspb_container-id-gsbp-e9f6ea5\">\n<div id=\"gspb_text-id-gsbp-cc5a126\" class=\"gspb_text gspb_text-id-gsbp-cc5a126 \">Dok\u0142adamy stara\u0144 aby wspiera\u0107 rodzic\u00f3w w trudzie wychowania.<\/div>\n<\/div>\n\n\n\n<div class=\"wp-block-greenshift-blocks-iconbox gspb_iconBox gspb_iconBox-id-gsbp-48e39af\" id=\"gspb_iconBox-id-gsbp-48e39af\"><div class=\"gspb_iconBox__wrapper\" style=\"display:inline-flex\"><svg class=\"\" style=\"display:inline-block;vertical-align:middle\" width=\"72\" height=\"72\" viewBox=\"0 0 1024 1024\" xmlns=\"http:\/\/www.w3.org\/2000\/svg\"><path style=\"fill:#565D66\" d=\"M928 64h-256c-53 0-96 43-96 96v256c0 53 43 96 96 96h160v128c0 70.6-57.4 128-128 128h-16c-26.6 0-48 21.4-48 48v96c0 26.6 21.4 48 48 48h16c176.8 0 320-143.2 320-320v-480c0-53-43-96-96-96zM352 64h-256c-53 0-96 43-96 96v256c0 53 43 96 96 96h160v128c0 70.6-57.4 128-128 128h-16c-26.6 0-48 21.4-48 48v96c0 26.6 21.4 48 48 48h16c176.8 0 320-143.2 320-320v-480c0-53-43-96-96-96z\"><\/path><\/svg><\/div><\/div>\n<\/div>\n\n\n\n<div class=\"wp-block-greenshift-blocks-container alignfull gspb_container gspb_container-gsbp-318027b\" id=\"gspb_container-id-gsbp-318027b\"><\/div>\n","protected":false},"excerpt":{"rendered":"","protected":false},"author":3,"featured_media":0,"parent":0,"menu_order":0,"comment_status":"closed","ping_status":"closed","template":"","meta":{"_gspb_post_css":"#gspb_row-id-gsbp-cb82c0f{justify-content:space-between;margin-top:0;display:flex;flex-wrap:wrap;align-content:center;margin-bottom:68px}#gspb_row-id-gsbp-cb82c0f>.gspb_row__content{display:flex;margin:0 auto;width:100%;flex-wrap:wrap;align-items:center;justify-content:space-around}.gspb_row{position:relative}div[id^=gspb_col-id]{box-sizing:border-box;position:relative;padding:15px min(3vw,20px)}body.gspb-bodyfront #gspb_row-id-gsbp-cb82c0f>.gspb_row__content{width:var(--theme-container-width, 1200px);max-width:var(--theme-normal-container-max-width, 1200px)}#gspb_col-id-gsbp-ff06bf7.gspb_row__col--6{width:calc(50% - 5px)}@media (max-width:991.98px){#gspb_col-id-gsbp-ff06bf7.gspb_row__col--6{width:calc(50% - 5px)}}@media (max-width:767.98px){#gspb_col-id-gsbp-ff06bf7.gspb_row__col--6{width:calc(50% - 5px)}}@media (max-width:575.98px){#gspb_col-id-gsbp-ff06bf7.gspb_row__col--6{width:100%}}#gspb_col-id-gsbp-f0787fd.gspb_row__col--6{width:calc(50% - 5px)}@media (max-width:991.98px){#gspb_col-id-gsbp-f0787fd.gspb_row__col--6{width:calc(50% - 5px)}}@media (max-width:767.98px){#gspb_col-id-gsbp-f0787fd.gspb_row__col--6{width:calc(50% - 5px)}}@media (max-width:575.98px){#gspb_col-id-gsbp-f0787fd.gspb_row__col--6{width:100%}}.gspb_row #gspb_col-id-gsbp-f0787fd.gspb_row__col--6{margin-top:50px}body #gspb_col-id-gsbp-f0787fd.gspb_row__col--6{display:flex;flex-direction:column;justify-content:center;align-items:center}#gspb_image-id-gsbp-59accd1 img{vertical-align:top;display:inline-block;box-sizing:border-box;max-width:100%;height:auto}#gspb_image-id-gsbp-59accd1{margin-bottom:0}body.gspb-bodyfront #gspb_image-id-gsbp-59accd1{position:absolute;top:0;left:0}@media (max-width:991.98px){#gspb_image-id-gsbp-59accd1 img{width:80%}}@media (max-width:575.98px){#gspb_image-id-gsbp-59accd1 img{width:100%}}@media (max-width:991.98px){#gspb_image-id-gsbp-59accd1,#gspb_image-id-gsbp-59accd1 img{height:auto}}@media (max-width:767.98px){#gspb_image-id-gsbp-59accd1,#gspb_image-id-gsbp-59accd1 img{height:auto}}@media (max-width:575.98px){#gspb_image-id-gsbp-59accd1,#gspb_image-id-gsbp-59accd1 img{height:auto}}.gspb_container-id-gsbp-964ad47{flex-direction:column;box-sizing:border-box}#gspb_container-id-gsbp-2911d55.gspb_container>p:last-of-type,#gspb_container-id-gsbp-318027b.gspb_container>p:last-of-type,#gspb_container-id-gsbp-964ad47.gspb_container>p:last-of-type,#gspb_container-id-gsbp-e9f6ea5.gspb_container>p:last-of-type{margin-bottom:0}#gspb_container-id-gsbp-964ad47.gspb_container{display:flex;column-gap:40px}@media (max-width:991.98px){#gspb_container-id-gsbp-964ad47.gspb_container{flex-direction:column;align-items:center;row-gap:20px}}#gspb_container-id-gsbp-964ad47.gspb_container{margin-bottom:34px;padding:120px 130px}@media (max-width:991.98px){#gspb_container-id-gsbp-964ad47.gspb_container{margin-bottom:80px;padding:50px}}@media (max-width:575.98px){#gspb_container-id-gsbp-964ad47.gspb_container{margin-bottom:60px;padding:35px}}#gspb_container-id-gsbp-964ad47.gspb_container,#gspb_container-id-gsbp-964ad47.gspb_container>.gspb_backgroundOverlay{border-top-left-radius:10px;border-top-right-radius:10px;border-bottom-right-radius:10px;border-bottom-left-radius:10px}#gspb_container-id-gsbp-964ad47.gspb_container{background-color:var(--wp--preset--color--palette-color-2, var(--theme-palette-color-2, #24417C))}.gspb_container-id-gsbp-2911d55{flex-direction:column;box-sizing:border-box}#gspb_container-id-gsbp-2911d55.gspb_container{display:flex;flex-direction:column;align-items:center;row-gap:20px}@media (max-width:991.98px){#gspb_container-id-gsbp-2911d55.gspb_container{flex-direction:column;justify-content:flex-end;align-items:center}}#gspb_container-id-gsbp-2911d55.gspb_container{width:150px}#gspb_image-id-gsbp-1f2c198 img{vertical-align:top;display:inline-block;box-sizing:border-box;max-width:100%;border-top-left-radius:150px;border-top-right-radius:150px;border-bottom-right-radius:150px;border-bottom-left-radius:150px;width:120px}@media (max-width:991.98px){#gspb_image-id-gsbp-1f2c198 img{width:80px}}@media (max-width:575.98px){#gspb_image-id-gsbp-1f2c198 img{width:60px}}#gspb_image-id-gsbp-1f2c198,#gspb_image-id-gsbp-1f2c198 img{height:auto}@media (max-width:991.98px){#gspb_image-id-gsbp-1f2c198,#gspb_image-id-gsbp-1f2c198 img{height:auto}}@media (max-width:767.98px){#gspb_image-id-gsbp-1f2c198,#gspb_image-id-gsbp-1f2c198 img{height:auto}}@media (max-width:575.98px){#gspb_image-id-gsbp-1f2c198,#gspb_image-id-gsbp-1f2c198 img{height:auto}}.gspb_text-id-gsbp-fbc1320{font-size:18px;font-weight:600!important;color:var(--wp--preset--color--palette-color-8, var(--theme-palette-color-8, #ffffff))}.gspb_container-id-gsbp-e9f6ea5{flex-direction:column;box-sizing:border-box}body.gspb-bodyfront #gspb_container-id-gsbp-e9f6ea5.gspb_container{flex-grow:1;flex-basis:0}.gspb_text-id-gsbp-cc5a126{font-size:35px}@media (max-width:991.98px){.gspb_text-id-gsbp-cc5a126{font-size:25px}}@media (max-width:575.98px){.gspb_text-id-gsbp-cc5a126{font-size:20px}}@media (max-width:991.98px){.gspb_text-id-gsbp-cc5a126,.gspb_text-id-gsbp-cc5a126 .gsap-g-line{text-align:center!important}}.gspb_text-id-gsbp-cc5a126{font-weight:700!important;color:var(--wp--preset--color--palette-color-8, var(--theme-palette-color-8, #ffffff))}#gspb_iconBox-id-gsbp-48e39af svg{height:50px!important;width:50px!important;min-width:50px!important}#gspb_iconBox-id-gsbp-48e39af{justify-content:center;display:flex}@media (max-width:991.98px){#gspb_iconBox-id-gsbp-48e39af svg{height:30px!important;width:30px!important;min-width:30px!important}}#gspb_iconBox-id-gsbp-48e39af svg,#gspb_iconBox-id-gsbp-48e39af svg path{fill:var(--wp--preset--color--palette-color-9, var(--theme-palette-color-9, #FFE8DA))!important}#gspb_iconBox-id-gsbp-48e39af svg{margin:0!important}#gspb_iconBox-id-gsbp-48e39af .gspb_iconBox__wrapper{margin-top:-30px}@media (max-width:991.98px){#gspb_iconBox-id-gsbp-48e39af .gspb_iconBox__wrapper{margin-top:0}}.gspb_container-id-gsbp-318027b{flex-direction:column;box-sizing:border-box}.gspb_container{position:relative}#gspb_container-id-gsbp-318027b.gspb_container{margin-bottom:138px;background-color:var(--wp--preset--color--palette-color-7, var(--theme-palette-color-7, #F7FAFD));height:200px}","footnotes":""},"class_list":["post-272","page","type-page","status-publish","hentry"],"blocksy_meta":{"has_hero_section":"disabled","styles_descriptor":{"styles":{"desktop":"","tablet":"","mobile":""},"google_fonts":[],"version":6},"vertical_spacing_source":"custom","content_area_spacing":"none"},"_links":{"self":[{"href":"https:\/\/fosmed.pl\/index.php\/wp-json\/wp\/v2\/pages\/272","targetHints":{"allow":["GET"]}}],"collection":[{"href":"https:\/\/fosmed.pl\/index.php\/wp-json\/wp\/v2\/pages"}],"about":[{"href":"https:\/\/fosmed.pl\/index.php\/wp-json\/wp\/v2\/types\/page"}],"author":[{"embeddable":true,"href":"https:\/\/fosmed.pl\/index.php\/wp-json\/wp\/v2\/users\/3"}],"replies":[{"embeddable":true,"href":"https:\/\/fosmed.pl\/index.php\/wp-json\/wp\/v2\/comments?post=272"}],"version-history":[{"count":17,"href":"https:\/\/fosmed.pl\/index.php\/wp-json\/wp\/v2\/pages\/272\/revisions"}],"predecessor-version":[{"id":834,"href":"https:\/\/fosmed.pl\/index.php\/wp-json\/wp\/v2\/pages\/272\/revisions\/834"}],"wp:attachment":[{"href":"https:\/\/fosmed.pl\/index.php\/wp-json\/wp\/v2\/media?parent=272"}],"curies":[{"name":"wp","href":"https:\/\/api.w.org\/{rel}","templated":true}]}}