{"id":560,"date":"2024-01-29T16:47:57","date_gmt":"2024-01-29T16:47:57","guid":{"rendered":"https:\/\/startersites.io\/blocksy\/smile-dent\/?page_id=10"},"modified":"2024-08-26T19:00:46","modified_gmt":"2024-08-26T19:00:46","slug":"pliki","status":"publish","type":"page","link":"https:\/\/fosmed.pl\/index.php\/pliki\/","title":{"rendered":"Pliki do pobrania"},"content":{"rendered":"\n<div class=\"wp-block-greenshift-blocks-row gspb_row gspb_row-id-gsbp-90dd5fd gspb_row--gutter-custom-0\" id=\"gspb_row-id-gsbp-90dd5fd\"><div class=\"gspb_row__content\"> \n<div class=\"wp-block-greenshift-blocks-row-column gspb_row__col--4 gspb_row__col--md-12 gspb_col-id-gsbp-d560c25\" id=\"gspb_col-id-gsbp-d560c25\">\n<h2 id=\"gspb_heading-id-gsbp-2ffee04\" class=\"gspb_heading gspb_heading-id-gsbp-2ffee04 \">Przydatne pliki do pobrania<\/h2>\n<\/div>\n\n\n\n<div class=\"wp-block-greenshift-blocks-row-column gspb_row__col--8 gspb_row__col--md-12 gspb_col-id-gsbp-2affbd5\" id=\"gspb_col-id-gsbp-2affbd5\">\n<div class=\"wp-block-greenshift-blocks-image gspb_image gspb_image-id-gsbp-960d7e1\" id=\"gspb_image-id-gsbp-960d7e1\"><img decoding=\"async\" src=\"https:\/\/fosmed.pl\/wp-content\/uploads\/2024\/08\/cf4d-scaled.jpg\" data-src=\"\" alt=\"\" loading=\"lazy\" width=\"2560\" height=\"1707\"\/><\/div>\n<\/div>\n <\/div><\/div>\n\n\n\n<div class=\"wp-block-columns is-layout-flex wp-container-core-columns-is-layout-28f84493 wp-block-columns-is-layout-flex\">\n<div class=\"wp-block-column is-layout-flow wp-block-column-is-layout-flow\" style=\"flex-basis:100%\">\n<div class=\"wp-block-greenshift-blocks-row gspb_row gspb_row-id-gsbp-a85dbef gspb_row--gutter-custom-0\" id=\"gspb_row-id-gsbp-a85dbef\" data-aos=\"fade-up\" data-aos-easing=\"ease\" data-aos-duration=\"800\"><div class=\"gspb_row__content\"> \n<div class=\"wp-block-greenshift-blocks-row-column gspb_row__col--12 gspb_row__col--md-6 gspb_col-id-gsbp-abbc9ec gspb-hoverparent-284\" id=\"gspb_col-id-gsbp-abbc9ec\">\n<div class=\"wp-block-greenshift-blocks-iconbox gspb_iconBox gspb_iconBox-id-gsbp-3f5ac93\" id=\"gspb_iconBox-id-gsbp-3f5ac93\"><div class=\"gspb_iconBox__wrapper\" style=\"display:inline-flex\"><svg class=\"\" style=\"display:inline-block;vertical-align:middle\" width=\"72\" height=\"72\" viewBox=\"0 0 1152 1024\" xmlns=\"http:\/\/www.w3.org\/2000\/svg\"><path style=\"fill:#565D66\" d=\"M1055.8 448h-95.8v-96c0-53-43-96-96-96h-320l-128-128h-320c-53 0-96 43-96 96v576c0 53 43 96 96 96h800c33 0 63.8-17 81.4-45.2l159.8-256c40-63.8-6-146.8-81.4-146.8zM96 236c0-6.6 5.4-12 12-12h268.2l128 128h347.8c6.6 0 12 5.4 12 12v84h-560c-33.6 0-64.8 17.6-82.2 46.4l-125.8 208.4zM896 800h-752l154.4-256h757.6z\"><\/path><\/svg><\/div><\/div>\n\n\n\n<h3 id=\"gspb_heading-id-gsbp-8443cf1\" class=\"gspb_heading gspb_heading-id-gsbp-8443cf1 \">Karta Wywiadu Zdrowotnego Ucznia kl.0-1<\/h3>\n\n\n\n<div class=\"wp-block-file\"><a id=\"wp-block-file--media-3615a443-3c55-44f4-b043-39fd088d6800\" href=\"https:\/\/fosmed.pl\/wp-content\/uploads\/2024\/08\/Karta-Wywiadu-Zdrowotnego-Ucznia-kl.0-1.docx\" target=\"_blank\" rel=\"noreferrer noopener\">Karta Wywiadu Zdrowotnego Ucznia kl.0-1<\/a><a href=\"https:\/\/fosmed.pl\/wp-content\/uploads\/2024\/08\/Karta-Wywiadu-Zdrowotnego-Ucznia-kl.0-1.docx\" class=\"wp-block-file__button wp-element-button\" download aria-describedby=\"wp-block-file--media-3615a443-3c55-44f4-b043-39fd088d6800\">Pobierz<\/a><\/div>\n<\/div>\n\n\n\n<div class=\"wp-block-greenshift-blocks-row-column gspb_row__col--12 gspb_row__col--md-6 gspb_col-id-gsbp-1e1940d gspb-hoverparent-284\" id=\"gspb_col-id-gsbp-1e1940d\">\n<div class=\"wp-block-greenshift-blocks-iconbox gspb_iconBox gspb_iconBox-id-gsbp-2817016\" id=\"gspb_iconBox-id-gsbp-2817016\"><div class=\"gspb_iconBox__wrapper\" style=\"display:inline-flex\"><svg class=\"\" style=\"display:inline-block;vertical-align:middle\" width=\"72\" height=\"72\" viewBox=\"0 0 1152 1024\" xmlns=\"http:\/\/www.w3.org\/2000\/svg\"><path style=\"fill:#565D66\" d=\"M1055.8 448h-95.8v-96c0-53-43-96-96-96h-320l-128-128h-320c-53 0-96 43-96 96v576c0 53 43 96 96 96h800c33 0 63.8-17 81.4-45.2l159.8-256c40-63.8-6-146.8-81.4-146.8zM96 236c0-6.6 5.4-12 12-12h268.2l128 128h347.8c6.6 0 12 5.4 12 12v84h-560c-33.6 0-64.8 17.6-82.2 46.4l-125.8 208.4zM896 800h-752l154.4-256h757.6z\"><\/path><\/svg><\/div><\/div>\n\n\n\n<h3 id=\"gspb_heading-id-gsbp-e68735c\" class=\"gspb_heading gspb_heading-id-gsbp-e68735c \">Karta Wywiadu Zdrowotnego Ucznia kl.2-8<\/h3>\n\n\n\n<div class=\"wp-block-file\"><a id=\"wp-block-file--media-02c83c4f-9912-494c-870d-a0aa76dad8de\" href=\"https:\/\/fosmed.pl\/wp-content\/uploads\/2024\/08\/Karta-Wywiadu-Zdrowotnego-Ucznia-kl.2-8.docx\" target=\"_blank\" rel=\"noreferrer noopener\">Karta Wywiadu Zdrowotnego Ucznia kl.2-8<\/a><a href=\"https:\/\/fosmed.pl\/wp-content\/uploads\/2024\/08\/Karta-Wywiadu-Zdrowotnego-Ucznia-kl.2-8.docx\" class=\"wp-block-file__button wp-element-button\" download aria-describedby=\"wp-block-file--media-02c83c4f-9912-494c-870d-a0aa76dad8de\">Pobierz<\/a><\/div>\n<\/div>\n\n\n\n<div class=\"wp-block-greenshift-blocks-row-column gspb_row__col--12 gspb_row__col--md-6 gspb_col-id-gsbp-d2d3d0f gspb-hoverparent-284\" id=\"gspb_col-id-gsbp-d2d3d0f\">\n<div class=\"wp-block-greenshift-blocks-iconbox gspb_iconBox gspb_iconBox-id-gsbp-ee90a80\" id=\"gspb_iconBox-id-gsbp-ee90a80\"><div class=\"gspb_iconBox__wrapper\" style=\"display:inline-flex\"><svg class=\"\" style=\"display:inline-block;vertical-align:middle\" width=\"72\" height=\"72\" viewBox=\"0 0 1152 1024\" xmlns=\"http:\/\/www.w3.org\/2000\/svg\"><path style=\"fill:#565D66\" d=\"M1055.8 448h-95.8v-96c0-53-43-96-96-96h-320l-128-128h-320c-53 0-96 43-96 96v576c0 53 43 96 96 96h800c33 0 63.8-17 81.4-45.2l159.8-256c40-63.8-6-146.8-81.4-146.8zM96 236c0-6.6 5.4-12 12-12h268.2l128 128h347.8c6.6 0 12 5.4 12 12v84h-560c-33.6 0-64.8 17.6-82.2 46.4l-125.8 208.4zM896 800h-752l154.4-256h757.6z\"><\/path><\/svg><\/div><\/div>\n\n\n\n<h3 id=\"gspb_heading-id-gsbp-b2afbb7\" class=\"gspb_heading gspb_heading-id-gsbp-b2afbb7 \">Karta zgody na opiek\u0119 nad niepe\u0142nosprawnym<\/h3>\n\n\n\n<div class=\"wp-block-file\"><a id=\"wp-block-file--media-99fc9da0-c776-4f2a-8182-241bbf6529a5\" href=\"https:\/\/fosmed.pl\/wp-content\/uploads\/2024\/08\/Karta-zgody-na-opieke-nad-niepelnosprawnym.docx\" target=\"_blank\" rel=\"noreferrer noopener\">Karta zgody na opieke nad niepe\u0142nosprawnym<\/a><a href=\"https:\/\/fosmed.pl\/wp-content\/uploads\/2024\/08\/Karta-zgody-na-opieke-nad-niepelnosprawnym.docx\" class=\"wp-block-file__button wp-element-button\" download aria-describedby=\"wp-block-file--media-99fc9da0-c776-4f2a-8182-241bbf6529a5\">Pobierz<\/a><\/div>\n<\/div>\n\n\n\n<div class=\"wp-block-greenshift-blocks-row-column gspb_row__col--12 gspb_row__col--md-6 gspb_col-id-gsbp-327dbcb gspb-hoverparent-284\" id=\"gspb_col-id-gsbp-327dbcb\">\n<div class=\"wp-block-greenshift-blocks-iconbox gspb_iconBox gspb_iconBox-id-gsbp-085bc99\" id=\"gspb_iconBox-id-gsbp-085bc99\"><div class=\"gspb_iconBox__wrapper\" style=\"display:inline-flex\"><svg class=\"\" style=\"display:inline-block;vertical-align:middle\" width=\"72\" height=\"72\" viewBox=\"0 0 1152 1024\" xmlns=\"http:\/\/www.w3.org\/2000\/svg\"><path style=\"fill:#565D66\" d=\"M1055.8 448h-95.8v-96c0-53-43-96-96-96h-320l-128-128h-320c-53 0-96 43-96 96v576c0 53 43 96 96 96h800c33 0 63.8-17 81.4-45.2l159.8-256c40-63.8-6-146.8-81.4-146.8zM96 236c0-6.6 5.4-12 12-12h268.2l128 128h347.8c6.6 0 12 5.4 12 12v84h-560c-33.6 0-64.8 17.6-82.2 46.4l-125.8 208.4zM896 800h-752l154.4-256h757.6z\"><\/path><\/svg><\/div><\/div>\n\n\n\n<h3 id=\"gspb_heading-id-gsbp-b69e546\" class=\"gspb_heading gspb_heading-id-gsbp-b69e546 \">Sprzeciw wobec obj\u0119cia dziecka opiek\u0105 piel\u0119gniarki szkolnej<\/h3>\n\n\n\n<div class=\"wp-block-file\"><a id=\"wp-block-file--media-282f737d-632f-457a-aab2-785c9fcde1b5\" href=\"https:\/\/fosmed.pl\/wp-content\/uploads\/2024\/08\/Sprzeciw-wobec-objecia-dziecka-opieka-pielegniarki-szkolnej.docx\" target=\"_blank\" rel=\"noreferrer noopener\">Sprzeciw wobec obj\u0119cia dziecka opiek\u0105 piel\u0119gniarki szkolnej<\/a><a href=\"https:\/\/fosmed.pl\/wp-content\/uploads\/2024\/08\/Sprzeciw-wobec-objecia-dziecka-opieka-pielegniarki-szkolnej.docx\" class=\"wp-block-file__button wp-element-button\" download aria-describedby=\"wp-block-file--media-282f737d-632f-457a-aab2-785c9fcde1b5\">Pobierz<\/a><\/div>\n<\/div>\n <\/div><\/div>\n<\/div>\n<\/div>\n","protected":false},"excerpt":{"rendered":"","protected":false},"author":3,"featured_media":0,"parent":0,"menu_order":0,"comment_status":"closed","ping_status":"closed","template":"","meta":{"_gspb_post_css":"#gspb_row-id-gsbp-90dd5fd{justify-content:space-between;margin-top:0;display:flex;flex-wrap:wrap;margin-bottom:120px;padding:0 80px}#gspb_row-id-gsbp-90dd5fd>.gspb_row__content{display:flex;justify-content:space-between;margin:0 auto;width:100%;flex-wrap:wrap}.gspb_row{position:relative}div[id^=gspb_col-id]{box-sizing:border-box;position:relative;padding:15px min(3vw,20px)}@media (max-width:991.98px){#gspb_row-id-gsbp-90dd5fd>.gspb_row__content{row-gap:30px}}body.gspb-bodyfront #gspb_row-id-gsbp-90dd5fd>.gspb_row__content{width:var(--theme-container-width, 1200px);max-width:var(--theme-normal-container-max-width, 1200px)}@media (max-width:991.98px){#gspb_row-id-gsbp-90dd5fd{margin-bottom:80px;padding-right:50px;padding-left:50px}}@media (max-width:575.98px){#gspb_row-id-gsbp-90dd5fd{margin-bottom:60px;padding-right:35px;padding-left:35px}}#gspb_row-id-gsbp-90dd5fd{background-color:var(--wp--preset--color--palette-color-7, var(--theme-palette-color-7, #F7FAFD))}#gspb_row-id-gsbp-90dd5fd,#gspb_row-id-gsbp-90dd5fd>.gspb_backgroundOverlay{border-top-left-radius:40px;border-top-right-radius:40px;border-bottom-right-radius:40px;border-bottom-left-radius:40px}#gspb_col-id-gsbp-d560c25.gspb_row__col--4{width:calc(33.333333333333336% - 5px)}@media (max-width:991.98px){#gspb_col-id-gsbp-d560c25.gspb_row__col--4{width:100%}}@media (max-width:767.98px){#gspb_col-id-gsbp-d560c25.gspb_row__col--4{width:calc(100% - 5px)}}@media (max-width:575.98px){#gspb_col-id-gsbp-d560c25.gspb_row__col--4{width:100%}}@media (min-width:992px){body.gspb-bodyfront #gspb_col-id-gsbp-d560c25.gspb_row__col--4{width:calc(40% - 0px - 5px)}}.gspb_row #gspb_col-id-gsbp-d560c25.gspb_row__col--4{padding:70px 0}@media (max-width:991.98px){.gspb_row #gspb_col-id-gsbp-d560c25.gspb_row__col--4{padding-top:50px;padding-bottom:0}}@media (max-width:575.98px){.gspb_row #gspb_col-id-gsbp-d560c25.gspb_row__col--4{padding-bottom:0}}body #gspb_col-id-gsbp-d560c25.gspb_row__col--4{display:flex;flex-direction:column;justify-content:center}@media (max-width:991.98px){body #gspb_col-id-gsbp-d560c25.gspb_row__col--4{align-items:center}}#gspb_heading-id-gsbp-2ffee04{font-size:50px}@media (max-width:991.98px){#gspb_heading-id-gsbp-2ffee04{font-size:35px}}@media (max-width:575.98px){#gspb_heading-id-gsbp-2ffee04{font-size:30px}}@media (max-width:991.98px){#gspb_heading-id-gsbp-2ffee04,#gspb_heading-id-gsbp-2ffee04 .gsap-g-line{text-align:center!important}}#gspb_heading-id-gsbp-2ffee04{font-weight:800!important;margin-top:0;margin-bottom:10px}#gspb_col-id-gsbp-2affbd5.gspb_row__col--8{width:calc(66.66666666666667% - 5px)}@media (max-width:991.98px){#gspb_col-id-gsbp-2affbd5.gspb_row__col--8{width:100%}}@media (max-width:767.98px){#gspb_col-id-gsbp-2affbd5.gspb_row__col--8{width:calc(100% - 5px)}}@media (max-width:575.98px){#gspb_col-id-gsbp-2affbd5.gspb_row__col--8{width:100%}}@media (min-width:992px){body.gspb-bodyfront #gspb_col-id-gsbp-2affbd5.gspb_row__col--8{width:calc(59.98% - 0px - 5px)}}.gspb_row #gspb_col-id-gsbp-2affbd5.gspb_row__col--8{padding:0}body #gspb_col-id-gsbp-2affbd5.gspb_row__col--8{display:flex;flex-direction:column;justify-content:flex-end}#gspb_image-id-gsbp-960d7e1 img{vertical-align:top;display:inline-block;box-sizing:border-box;max-width:100%;height:auto}#gspb_image-id-gsbp-960d7e1{padding-top:30px}#gspb_row-id-gsbp-a85dbef{justify-content:space-between;margin-top:0;display:flex;flex-wrap:wrap;margin-bottom:120px}#gspb_row-id-gsbp-a85dbef>.gspb_row__content{display:flex;justify-content:space-between;margin:0 auto;width:100%;flex-wrap:wrap;row-gap:40px}@media (max-width:991.98px){#gspb_row-id-gsbp-a85dbef>.gspb_row__content{row-gap:30px}}body.gspb-bodyfront #gspb_row-id-gsbp-a85dbef>.gspb_row__content{width:var(--theme-container-width, 1200px);max-width:var(--theme-normal-container-max-width, 1200px)}@media (max-width:991.98px){#gspb_row-id-gsbp-a85dbef{margin-bottom:80px}}@media (max-width:575.98px){#gspb_row-id-gsbp-a85dbef{margin-bottom:60px}}#gspb_row-id-gsbp-a85dbef{transition-duration:.8s;transition-timing-function:ease;opacity:0;transition-property:opacity,transform;transform:translate3d(0,60px,0)}#gspb_row-id-gsbp-a85dbef.aos-animate,#gspb_row-id-gsbp-a85dbef[data-gs-aos]{opacity:1;transform:translateZ(0);transition:all .01s cubic-bezier(.165,.84,.44,1)}#gspb_col-id-gsbp-abbc9ec.gspb_row__col--12{width:calc(100% - 25px)}@media (max-width:991.98px){#gspb_col-id-gsbp-abbc9ec.gspb_row__col--12{width:calc(50% - 15px)}}@media (max-width:767.98px){#gspb_col-id-gsbp-abbc9ec.gspb_row__col--12{width:calc(50% - 15px)}}@media (max-width:575.98px){#gspb_col-id-gsbp-abbc9ec.gspb_row__col--12{width:100%}}#gspb_col-id-gsbp-abbc9ec.gspb_row__col--12{background-color:var(--wp--preset--color--palette-color-7, var(--theme-palette-color-7, #F7FAFD));transition:all .2s ease;border-style:solid;border-width:1px;border-color:#00f3e7}#gspb_col-id-gsbp-abbc9ec.gspb_row__col--12:hover{background-color:var(--wp--preset--color--palette-color-2, var(--theme-palette-color-2, #24417C))!important}#gspb_col-id-gsbp-abbc9ec.gspb_row__col--12,#gspb_col-id-gsbp-abbc9ec.gspb_row__col--12>.gspb_backgroundOverlay{border-top-left-radius:5px;border-top-right-radius:5px;border-bottom-right-radius:5px;border-bottom-left-radius:5px}#gspb_iconBox-id-gsbp-3f5ac93 svg{height:35px!important;width:35px!important;min-width:35px!important}#gspb_iconBox-id-gsbp-3f5ac93{justify-content:center;display:flex}@media (max-width:991.98px){#gspb_iconBox-id-gsbp-3f5ac93 svg{height:45px!important;width:45px!important;min-width:45px!important}}#gspb_iconBox-id-gsbp-3f5ac93 svg,#gspb_iconBox-id-gsbp-3f5ac93 svg path{fill:var(--wp--preset--color--palette-color-2, var(--theme-palette-color-2, #24417C))!important}#gspb_iconBox-id-gsbp-3f5ac93 svg{margin:0!important}.gspb-hoverparent-284:hover #gspb_iconBox-id-gsbp-085bc99 svg,.gspb-hoverparent-284:hover #gspb_iconBox-id-gsbp-085bc99 svg path,.gspb-hoverparent-284:hover #gspb_iconBox-id-gsbp-2817016 svg,.gspb-hoverparent-284:hover #gspb_iconBox-id-gsbp-2817016 svg path,.gspb-hoverparent-284:hover #gspb_iconBox-id-gsbp-3f5ac93 svg,.gspb-hoverparent-284:hover #gspb_iconBox-id-gsbp-3f5ac93 svg path,.gspb-hoverparent-284:hover #gspb_iconBox-id-gsbp-ee90a80 svg,.gspb-hoverparent-284:hover #gspb_iconBox-id-gsbp-ee90a80 svg path{fill:var(--wp--preset--color--palette-color-8, var(--theme-palette-color-8, #ffffff))!important}#gspb_iconBox-id-gsbp-3f5ac93 .gspb_iconBox__wrapper{margin-top:0;margin-bottom:10px;transition:all .2s ease}#gspb_heading-id-gsbp-8443cf1{font-size:23px}@media (max-width:991.98px){#gspb_heading-id-gsbp-8443cf1{font-size:18px}}#gspb_heading-id-gsbp-8443cf1,#gspb_heading-id-gsbp-8443cf1 .gsap-g-line{text-align:center!important}.gspb-hoverparent-284:hover #gspb_heading-id-gsbp-8443cf1{color:var(--wp--preset--color--palette-color-8, var(--theme-palette-color-8, #ffffff))}#gspb_heading-id-gsbp-8443cf1{margin-top:0;margin-bottom:15px;transition:all .2s ease}#gspb_col-id-gsbp-1e1940d.gspb_row__col--12{width:calc(100% - 25px)}@media (max-width:991.98px){#gspb_col-id-gsbp-1e1940d.gspb_row__col--12{width:calc(50% - 15px)}}@media (max-width:767.98px){#gspb_col-id-gsbp-1e1940d.gspb_row__col--12{width:calc(50% - 15px)}}@media (max-width:575.98px){#gspb_col-id-gsbp-1e1940d.gspb_row__col--12{width:100%}}#gspb_col-id-gsbp-1e1940d.gspb_row__col--12{background-color:var(--wp--preset--color--palette-color-7, var(--theme-palette-color-7, #F7FAFD));transition:all .2s ease;border-style:solid;border-width:1px;border-color:#00f3e7}#gspb_col-id-gsbp-1e1940d.gspb_row__col--12:hover{background-color:var(--wp--preset--color--palette-color-2, var(--theme-palette-color-2, #24417C))!important}#gspb_col-id-gsbp-1e1940d.gspb_row__col--12,#gspb_col-id-gsbp-1e1940d.gspb_row__col--12>.gspb_backgroundOverlay{border-top-left-radius:5px;border-top-right-radius:5px;border-bottom-right-radius:5px;border-bottom-left-radius:5px}#gspb_iconBox-id-gsbp-2817016 svg{height:35px!important;width:35px!important;min-width:35px!important}#gspb_iconBox-id-gsbp-2817016{justify-content:center;display:flex}@media (max-width:991.98px){#gspb_iconBox-id-gsbp-2817016 svg{height:45px!important;width:45px!important;min-width:45px!important}}#gspb_iconBox-id-gsbp-2817016 svg,#gspb_iconBox-id-gsbp-2817016 svg path{fill:var(--wp--preset--color--palette-color-2, var(--theme-palette-color-2, #24417C))!important}#gspb_iconBox-id-gsbp-2817016 svg{margin:0!important}#gspb_iconBox-id-gsbp-2817016 .gspb_iconBox__wrapper{margin-top:0;margin-bottom:10px;transition:all .2s ease}#gspb_heading-id-gsbp-e68735c{font-size:23px}@media (max-width:991.98px){#gspb_heading-id-gsbp-e68735c{font-size:18px}}#gspb_heading-id-gsbp-e68735c,#gspb_heading-id-gsbp-e68735c .gsap-g-line{text-align:center!important}.gspb-hoverparent-284:hover #gspb_heading-id-gsbp-e68735c{color:var(--wp--preset--color--palette-color-8, var(--theme-palette-color-8, #ffffff))}#gspb_heading-id-gsbp-e68735c{margin-top:0;margin-bottom:15px;transition:all .2s ease}#gspb_col-id-gsbp-d2d3d0f.gspb_row__col--12{width:calc(100% - 25px)}@media (max-width:991.98px){#gspb_col-id-gsbp-d2d3d0f.gspb_row__col--12{width:calc(50% - 15px)}}@media (max-width:767.98px){#gspb_col-id-gsbp-d2d3d0f.gspb_row__col--12{width:calc(50% - 15px)}}@media (max-width:575.98px){#gspb_col-id-gsbp-d2d3d0f.gspb_row__col--12{width:100%}}#gspb_col-id-gsbp-d2d3d0f.gspb_row__col--12{background-color:var(--wp--preset--color--palette-color-7, var(--theme-palette-color-7, #F7FAFD));transition:all .2s ease;border-style:solid;border-width:1px;border-color:#00f3e7}#gspb_col-id-gsbp-d2d3d0f.gspb_row__col--12:hover{background-color:var(--wp--preset--color--palette-color-2, var(--theme-palette-color-2, #24417C))!important}#gspb_col-id-gsbp-d2d3d0f.gspb_row__col--12,#gspb_col-id-gsbp-d2d3d0f.gspb_row__col--12>.gspb_backgroundOverlay{border-top-left-radius:5px;border-top-right-radius:5px;border-bottom-right-radius:5px;border-bottom-left-radius:5px}#gspb_iconBox-id-gsbp-ee90a80 svg{height:35px!important;width:35px!important;min-width:35px!important}#gspb_iconBox-id-gsbp-ee90a80{justify-content:center;display:flex}@media (max-width:991.98px){#gspb_iconBox-id-gsbp-ee90a80 svg{height:45px!important;width:45px!important;min-width:45px!important}}#gspb_iconBox-id-gsbp-ee90a80 svg,#gspb_iconBox-id-gsbp-ee90a80 svg path{fill:var(--wp--preset--color--palette-color-2, var(--theme-palette-color-2, #24417C))!important}#gspb_iconBox-id-gsbp-ee90a80 svg{margin:0!important}#gspb_iconBox-id-gsbp-ee90a80 .gspb_iconBox__wrapper{margin-top:0;margin-bottom:10px;transition:all .2s ease}#gspb_heading-id-gsbp-b2afbb7{font-size:23px}@media (max-width:991.98px){#gspb_heading-id-gsbp-b2afbb7{font-size:18px}}#gspb_heading-id-gsbp-b2afbb7,#gspb_heading-id-gsbp-b2afbb7 .gsap-g-line{text-align:center!important}.gspb-hoverparent-284:hover #gspb_heading-id-gsbp-b2afbb7{color:var(--wp--preset--color--palette-color-8, var(--theme-palette-color-8, #ffffff))}#gspb_heading-id-gsbp-b2afbb7{margin-top:0;margin-bottom:15px;transition:all .2s ease}#gspb_col-id-gsbp-327dbcb.gspb_row__col--12{width:calc(100% - 25px)}@media (max-width:991.98px){#gspb_col-id-gsbp-327dbcb.gspb_row__col--12{width:calc(50% - 15px)}}@media (max-width:767.98px){#gspb_col-id-gsbp-327dbcb.gspb_row__col--12{width:calc(50% - 15px)}}@media (max-width:575.98px){#gspb_col-id-gsbp-327dbcb.gspb_row__col--12{width:100%}}#gspb_col-id-gsbp-327dbcb.gspb_row__col--12{background-color:var(--wp--preset--color--palette-color-7, var(--theme-palette-color-7, #F7FAFD));transition:all .2s ease;border-style:solid;border-width:1px;border-color:#00f3e7}#gspb_col-id-gsbp-327dbcb.gspb_row__col--12:hover{background-color:var(--wp--preset--color--palette-color-2, var(--theme-palette-color-2, #24417C))!important}#gspb_col-id-gsbp-327dbcb.gspb_row__col--12,#gspb_col-id-gsbp-327dbcb.gspb_row__col--12>.gspb_backgroundOverlay{border-top-left-radius:5px;border-top-right-radius:5px;border-bottom-right-radius:5px;border-bottom-left-radius:5px}#gspb_iconBox-id-gsbp-085bc99 svg{height:35px!important;width:35px!important;min-width:35px!important}#gspb_iconBox-id-gsbp-085bc99{justify-content:center;display:flex}@media (max-width:991.98px){#gspb_iconBox-id-gsbp-085bc99 svg{height:45px!important;width:45px!important;min-width:45px!important}}#gspb_iconBox-id-gsbp-085bc99 svg,#gspb_iconBox-id-gsbp-085bc99 svg path{fill:var(--wp--preset--color--palette-color-2, var(--theme-palette-color-2, #24417C))!important}#gspb_iconBox-id-gsbp-085bc99 svg{margin:0!important}#gspb_iconBox-id-gsbp-085bc99 .gspb_iconBox__wrapper{margin-top:0;margin-bottom:10px;transition:all .2s ease}#gspb_heading-id-gsbp-b69e546{font-size:23px}@media (max-width:991.98px){#gspb_heading-id-gsbp-b69e546{font-size:18px}}#gspb_heading-id-gsbp-b69e546,#gspb_heading-id-gsbp-b69e546 .gsap-g-line{text-align:center!important}.gspb-hoverparent-284:hover #gspb_heading-id-gsbp-b69e546{color:var(--wp--preset--color--palette-color-8, var(--theme-palette-color-8, #ffffff))}#gspb_heading-id-gsbp-b69e546{margin-top:0;margin-bottom:15px;transition:all .2s ease}","footnotes":""},"class_list":["post-560","page","type-page","status-publish","hentry"],"blocksy_meta":{"has_hero_section":"disabled","styles_descriptor":{"styles":{"desktop":"","tablet":"","mobile":""},"google_fonts":[],"version":6},"vertical_spacing_source":"custom","content_area_spacing":"none"},"_links":{"self":[{"href":"https:\/\/fosmed.pl\/index.php\/wp-json\/wp\/v2\/pages\/560","targetHints":{"allow":["GET"]}}],"collection":[{"href":"https:\/\/fosmed.pl\/index.php\/wp-json\/wp\/v2\/pages"}],"about":[{"href":"https:\/\/fosmed.pl\/index.php\/wp-json\/wp\/v2\/types\/page"}],"author":[{"embeddable":true,"href":"https:\/\/fosmed.pl\/index.php\/wp-json\/wp\/v2\/users\/3"}],"replies":[{"embeddable":true,"href":"https:\/\/fosmed.pl\/index.php\/wp-json\/wp\/v2\/comments?post=560"}],"version-history":[{"count":11,"href":"https:\/\/fosmed.pl\/index.php\/wp-json\/wp\/v2\/pages\/560\/revisions"}],"predecessor-version":[{"id":832,"href":"https:\/\/fosmed.pl\/index.php\/wp-json\/wp\/v2\/pages\/560\/revisions\/832"}],"wp:attachment":[{"href":"https:\/\/fosmed.pl\/index.php\/wp-json\/wp\/v2\/media?parent=560"}],"curies":[{"name":"wp","href":"https:\/\/api.w.org\/{rel}","templated":true}]}}