{"id":561,"date":"2024-01-29T16:48:06","date_gmt":"2024-01-29T16:48:06","guid":{"rendered":"https:\/\/startersites.io\/blocksy\/smile-dent\/?page_id=12"},"modified":"2024-08-29T20:16:54","modified_gmt":"2024-08-29T20:16:54","slug":"fluoryzacja","status":"publish","type":"page","link":"https:\/\/fosmed.pl\/index.php\/fluoryzacja\/","title":{"rendered":"Fluoryzacja w szkole"},"content":{"rendered":"\n<figure class=\"wp-block-image aligncenter size-full is-style-default\"><img loading=\"lazy\" decoding=\"async\" width=\"1140\" height=\"900\" src=\"https:\/\/fosmed.pl\/wp-content\/uploads\/2024\/02\/article-thumb-2.webp\" alt=\"\" class=\"wp-image-337\" srcset=\"https:\/\/fosmed.pl\/wp-content\/uploads\/2024\/02\/article-thumb-2.webp 1140w, https:\/\/fosmed.pl\/wp-content\/uploads\/2024\/02\/article-thumb-2-300x237.webp 300w, https:\/\/fosmed.pl\/wp-content\/uploads\/2024\/02\/article-thumb-2-1024x808.webp 1024w, https:\/\/fosmed.pl\/wp-content\/uploads\/2024\/02\/article-thumb-2-768x606.webp 768w\" sizes=\"auto, (max-width: 1140px) 100vw, 1140px\" \/><\/figure>\n\n\n\n<div class=\"wp-block-greenshift-blocks-row alignwide gspb_row gspb_row-id-gsbp-90dd5fd gspb_row--gutter-custom-0\" id=\"gspb_row-id-gsbp-90dd5fd\"><div class=\"gspb_row__content\"> \n<div class=\"wp-block-greenshift-blocks-row-column gspb_row__col--6 gspb_row__col--md-12 gspb_col-id-gsbp-d560c25\" id=\"gspb_col-id-gsbp-d560c25\">\n<h2 id=\"gspb_heading-id-gsbp-2ffee04\" class=\"gspb_heading gspb_heading-id-gsbp-2ffee04 \">ZABIEGI PROFILAKTYKI FLUORKOWEJ (FLUORYZACJA)<\/h2>\n\n\n\n<div>\n<div id=\"gspb_text-id-gsbp-e310166\" class=\"gspb_text gspb_text-id-gsbp-e310166 \">ZABIEGI PROFILAKTYKI FLUORKOWEJ (FLUORYZACJA)\u00a0W SZKOLE wykonywane s\u0105 u uczni\u00f3w klas od I \u2013 VI.<br>Zabiegami profilaktyki fluorkowej zgodnie z za\u0142\u0105cznikiem nr 4 rozporz\u0105dzenia Ministra Zdrowia do ustawy z 12 kwietnia 2019r. o opiece zdrowotnej nad uczniami, obj\u0119ci s\u0105 uczniowie w ramach \u015bwiadcze\u0144 gwarantowanych z zakresu podstawowej opieki zdrowotnej. Szko\u0142a we wsp\u00f3\u0142pracy z piel\u0119gniark\u0105 umo\u017cliwia\u00a0przeprowadzenie zabieg\u00f3w profilaktyki fluorkowej zgodnie z art. 68 ust. 1\u00a0 Ustawy z 14 grudnia 2016 Prawo o\u015bwiatowe, nie s\u0105 one obowi\u0105zkowe i Rodzic ma mo\u017cliwo\u015b\u0107 rezygnacji &#8211; <em><strong><a href=\"https:\/\/fosmed.pl\/wp-content\/uploads\/2024\/08\/Zgoda-na-fluoryzacje.docx\" data-type=\"link\" data-id=\"https:\/\/fosmed.pl\/wp-content\/uploads\/2024\/08\/Zgoda-na-fluoryzacje.docx\">Link<\/a><\/strong><\/em> do druku.<br><br>Pr\u00f3chnica z\u0119b\u00f3w jest najcz\u0119\u015bciej wyst\u0119puj\u0105cym problemem zdrowotnym u dzieci i m\u0142odzie\u017cy szkolnej. Na podstawie wieloletnich bada\u0144 wykazano, \u017ce regularne nadzorowane szczotkowanie z\u0119b\u00f3w przez kilka lat zmniejsza cz\u0119sto\u015b\u0107 wyst\u0119powania pr\u00f3chnicy o 30%.<br><br>Preparaty fluorkowe, kt\u00f3re znalaz\u0142y zastosowanie w profilaktyce wykazuj\u0105 ogromne dzia\u0142anie wzmacniaj\u0105ce szkliwo ich dzia\u0142anie polega na:<br>&#8211; uodpornianiu szkliwa z\u0119b\u00f3w na dzia\u0142anie szkodliwych kwas\u00f3w i bakterii,<br>&#8211; wspomaganiu tak zwanej remineralizacji szkliwa, czyli odbudowy w miejscach, gdzie pojawiaj\u0105 si\u0119 drobne ubytki,<br>&#8211; hamowaniu rozwoju bakterii, kt\u00f3re przyczyniaj\u0105 si\u0119 do powstawania pr\u00f3chnicy oraz tworzeniu na z\u0119bach bariery, kt\u00f3ra utrudnia przywieranie osadu i tworzenie si\u0119 kamienia naz\u0119bnego.<br>Zabiegi te s\u0105 r\u00f3wnie\u017c wa\u017cnym elementem edukacji zdrowotnej, gdy\u017c umo\u017cliwiaj\u0105 uczniom nabycie umiej\u0119tno\u015bci prawid\u0142owego czyszczenia z\u0119b\u00f3w. Rekomenduje si\u0119 aby piel\u0119gniarka szkolna przeprowadza\u0142a nadzorowan\u0105 fluoryzacj\u0119 z\u0119b\u00f3w u uczni\u00f3w szk\u00f3\u0142 podstawowych w klasach I-VI na terenach, na kt\u00f3rych poziom fluork\u00f3w w wodzie pitnej nie przekracza 1mg\/l wody.\u00a0Na takich obszarach zabiegi te powinny odbywa\u0107 si\u0119 6 razy w roku. Poziom fluork\u00f3w weryfikowany jest co p\u00f3\u0142 roku na podstawie sprawozda\u0144 firmy Aqunet. <em><a href=\"https:\/\/fosmed.pl\/wp-content\/uploads\/2024\/08\/AQUANET-jakosc-wody-pitnej-na-stacjach_II-kwart.-2024-r-1-1.xlsx\" data-type=\"link\" data-id=\"https:\/\/fosmed.pl\/wp-content\/uploads\/2024\/08\/AQUANET-jakosc-wody-pitnej-na-stacjach_II-kwart.-2024-r-1-1.xlsx\"><strong>Link<\/strong><\/a><\/em><br><\/div>\n<\/div>\n\n\n\n<div><\/div>\n<\/div>\n <\/div><\/div>\n\n\n<style>.kb-row-layout-id561_38f085-28 > .kt-row-column-wrap{align-content:start;}:where(.kb-row-layout-id561_38f085-28 > .kt-row-column-wrap) > .wp-block-kadence-column{justify-content:start;}.kb-row-layout-id561_38f085-28 > .kt-row-column-wrap{column-gap:var(--global-kb-gap-md, 2rem);row-gap:var(--global-kb-gap-md, 2rem);padding-top:var(--global-kb-spacing-sm, 1.5rem);padding-bottom:var(--global-kb-spacing-sm, 1.5rem);grid-template-columns:minmax(0, 1fr);}.kb-row-layout-id561_38f085-28{border-top-left-radius:15px;border-top-right-radius:15px;border-bottom-right-radius:15px;border-bottom-left-radius:15px;overflow:clip;isolation:isolate;}.kb-row-layout-id561_38f085-28 > .kt-row-layout-overlay{border-top-left-radius:15px;border-top-right-radius:15px;border-bottom-right-radius:15px;border-bottom-left-radius:15px;}.kb-row-layout-id561_38f085-28{background-color:rgba(58,93,165,0.5);}.kb-row-layout-id561_38f085-28 > .kt-row-layout-overlay{opacity:0.30;}@media all and (max-width: 1024px){.kb-row-layout-id561_38f085-28 > .kt-row-column-wrap{grid-template-columns:minmax(0, 1fr);}}@media all and (max-width: 767px){.kb-row-layout-id561_38f085-28 > .kt-row-column-wrap{grid-template-columns:minmax(0, 1fr);}}<\/style><div class=\"kb-row-layout-wrap kb-row-layout-id561_38f085-28 alignnone kt-row-has-bg wp-block-kadence-rowlayout\"><div class=\"kt-row-column-wrap kt-has-1-columns kt-row-layout-equal kt-tab-layout-inherit kt-mobile-layout-row kt-row-valign-top\">\n<style>.kadence-column561_5a3561-bc > .kt-inside-inner-col,.kadence-column561_5a3561-bc > .kt-inside-inner-col:before{border-top-left-radius:0px;border-top-right-radius:0px;border-bottom-right-radius:0px;border-bottom-left-radius:0px;}.kadence-column561_5a3561-bc > .kt-inside-inner-col{column-gap:var(--global-kb-gap-sm, 1rem);}.kadence-column561_5a3561-bc > .kt-inside-inner-col{flex-direction:column;}.kadence-column561_5a3561-bc > .kt-inside-inner-col > .aligncenter{width:100%;}.kadence-column561_5a3561-bc > .kt-inside-inner-col:before{opacity:0.3;}.kadence-column561_5a3561-bc{position:relative;}@media all and (max-width: 1024px){.kadence-column561_5a3561-bc > .kt-inside-inner-col{flex-direction:column;justify-content:center;}}@media all and (max-width: 767px){.kadence-column561_5a3561-bc > .kt-inside-inner-col{flex-direction:column;justify-content:center;}}<\/style>\n<div class=\"wp-block-kadence-column kadence-column561_5a3561-bc\"><div class=\"kt-inside-inner-col\">\n<div id=\"gspb_text-id-gsbp-c3dec60\" class=\"gspb_text gspb_text-id-gsbp-c3dec60 \"><strong>Umieszczone poni\u017cej materia\u0142y na temat znaczenia i prawid\u0142owej higieny jamy ustnej zostan\u0105 r\u00f3wnie\u017c udost\u0119pnione wychowawcom celem zapoznania z nimi dzieci.<\/strong><\/div>\n\n\n\n<div class=\"wp-block-greenshift-blocks-image gspb_image gspb_image-id-gsbp-960d7e1\" id=\"gspb_image-id-gsbp-960d7e1\"><a href=\"https:\/\/fosmed.pl\/wp-content\/uploads\/2024\/08\/Metody-profilaktyki-chorob-jamy-ustnej-i-zebow.-1-1.pptx\" title=\"Prezentacja\" target=\"_blank\" rel=\"noopener nofollow\"><img decoding=\"async\" src=\"https:\/\/fosmed.pl\/wp-content\/uploads\/2024\/08\/Prezentacja.png\" data-src=\"\" alt=\"Prezentacja\" loading=\"lazy\" width=\"600px\" height=\"799\" title=\"Prezentacja\"\/><\/a><\/div>\n<\/div><\/div>\n\n<\/div><\/div>","protected":false},"excerpt":{"rendered":"","protected":false},"author":3,"featured_media":337,"parent":0,"menu_order":0,"comment_status":"closed","ping_status":"closed","template":"","meta":{"_gspb_post_css":"#gspb_row-id-gsbp-90dd5fd{justify-content:space-between;display:flex;flex-wrap:wrap;margin-top:100px;margin-bottom:120px;padding:0 80px}#gspb_row-id-gsbp-90dd5fd>.gspb_row__content{display:flex;justify-content:space-between;margin:0 auto;width:100%;flex-wrap:wrap}.gspb_row{position:relative}div[id^=gspb_col-id]{box-sizing:border-box;position:relative;padding:15px min(3vw,20px)}@media (max-width:991.98px){#gspb_row-id-gsbp-90dd5fd>.gspb_row__content{row-gap:30px}}body.gspb-bodyfront #gspb_row-id-gsbp-90dd5fd>.gspb_row__content{width:var(--theme-container-width, 1200px);max-width:var(--theme-normal-container-max-width, 1200px)}@media (max-width:991.98px){#gspb_row-id-gsbp-90dd5fd{margin-bottom:80px;padding-right:50px;padding-left:50px}}@media (max-width:575.98px){#gspb_row-id-gsbp-90dd5fd{margin-bottom:60px;padding-right:35px;padding-left:35px}}#gspb_row-id-gsbp-90dd5fd{background-color:var(--wp--preset--color--palette-color-7, var(--theme-palette-color-7, #F7FAFD))}#gspb_row-id-gsbp-90dd5fd,#gspb_row-id-gsbp-90dd5fd>.gspb_backgroundOverlay{border-top-left-radius:40px;border-top-right-radius:40px;border-bottom-right-radius:40px;border-bottom-left-radius:40px}#gspb_col-id-gsbp-d560c25.gspb_row__col--6{width:calc(50% - 25px)}@media (max-width:991.98px){#gspb_col-id-gsbp-d560c25.gspb_row__col--6{width:100%}}@media (max-width:767.98px){#gspb_col-id-gsbp-d560c25.gspb_row__col--6{width:calc(100% - 25px)}}@media (max-width:575.98px){#gspb_col-id-gsbp-d560c25.gspb_row__col--6{width:100%}}@media (min-width:992px){body.gspb-bodyfront #gspb_col-id-gsbp-d560c25.gspb_row__col--6{width:calc(94.5% - 0px - 25px)}}.gspb_row #gspb_col-id-gsbp-d560c25.gspb_row__col--6{margin-top:10px;padding:50px 0}@media (max-width:991.98px){.gspb_row #gspb_col-id-gsbp-d560c25.gspb_row__col--6{padding-bottom:0}}body #gspb_col-id-gsbp-d560c25.gspb_row__col--6{display:flex;flex-direction:column;justify-content:center}@media (max-width:991.98px){body #gspb_col-id-gsbp-d560c25.gspb_row__col--6{align-items:center}}#gspb_heading-id-gsbp-2ffee04{font-size:50px}@media (max-width:991.98px){#gspb_heading-id-gsbp-2ffee04{font-size:35px}}@media (max-width:575.98px){#gspb_heading-id-gsbp-2ffee04{font-size:30px}}@media (max-width:991.98px){#gspb_heading-id-gsbp-2ffee04,#gspb_heading-id-gsbp-2ffee04 .gsap-g-line{text-align:center!important}}#gspb_heading-id-gsbp-2ffee04{font-weight:800!important;margin-top:0;margin-bottom:10px}.gspb_text-id-gsbp-e310166{font-size:var(--wp--preset--font-size--medium)!important}@media (max-width:991.98px){.gspb_text-id-gsbp-e310166,.gspb_text-id-gsbp-e310166 .gsap-g-line{text-align:center!important}}.gspb_text-id-gsbp-e310166{margin-bottom:40px!important}.gspb_text-id-gsbp-c3dec60{font-size:var(--wp--preset--font-size--medium)!important}@media (max-width:991.98px){.gspb_text-id-gsbp-c3dec60,.gspb_text-id-gsbp-c3dec60 .gsap-g-line{text-align:center!important}}.gspb_text-id-gsbp-c3dec60{color:#fff;margin-bottom:40px!important}#gspb_image-id-gsbp-960d7e1{text-align:center;margin-bottom:0;padding-top:30px;height:auto}#gspb_image-id-gsbp-960d7e1 img{vertical-align:top;display:inline-block;box-sizing:border-box;max-width:100%;width:600px;height:auto}@media (max-width:991.98px){#gspb_image-id-gsbp-960d7e1,#gspb_image-id-gsbp-960d7e1 img{height:auto}}@media (max-width:767.98px){#gspb_image-id-gsbp-960d7e1,#gspb_image-id-gsbp-960d7e1 img{height:auto}}@media (max-width:575.98px){#gspb_image-id-gsbp-960d7e1,#gspb_image-id-gsbp-960d7e1 img{height:auto}}","footnotes":""},"class_list":["post-561","page","type-page","status-publish","has-post-thumbnail","hentry"],"blocksy_meta":{"has_hero_section":"disabled","vertical_spacing_source":"custom","content_area_spacing":"none","styles_descriptor":{"styles":{"desktop":"","tablet":"","mobile":""},"google_fonts":[],"version":6}},"_links":{"self":[{"href":"https:\/\/fosmed.pl\/index.php\/wp-json\/wp\/v2\/pages\/561","targetHints":{"allow":["GET"]}}],"collection":[{"href":"https:\/\/fosmed.pl\/index.php\/wp-json\/wp\/v2\/pages"}],"about":[{"href":"https:\/\/fosmed.pl\/index.php\/wp-json\/wp\/v2\/types\/page"}],"author":[{"embeddable":true,"href":"https:\/\/fosmed.pl\/index.php\/wp-json\/wp\/v2\/users\/3"}],"replies":[{"embeddable":true,"href":"https:\/\/fosmed.pl\/index.php\/wp-json\/wp\/v2\/comments?post=561"}],"version-history":[{"count":17,"href":"https:\/\/fosmed.pl\/index.php\/wp-json\/wp\/v2\/pages\/561\/revisions"}],"predecessor-version":[{"id":842,"href":"https:\/\/fosmed.pl\/index.php\/wp-json\/wp\/v2\/pages\/561\/revisions\/842"}],"wp:featuredmedia":[{"embeddable":true,"href":"https:\/\/fosmed.pl\/index.php\/wp-json\/wp\/v2\/media\/337"}],"wp:attachment":[{"href":"https:\/\/fosmed.pl\/index.php\/wp-json\/wp\/v2\/media?parent=561"}],"curies":[{"name":"wp","href":"https:\/\/api.w.org\/{rel}","templated":true}]}}