{"id":843,"date":"2024-08-31T10:02:34","date_gmt":"2024-08-31T10:02:34","guid":{"rendered":"https:\/\/fosmed.pl\/?page_id=843"},"modified":"2024-08-31T10:24:01","modified_gmt":"2024-08-31T10:24:01","slug":"rodo","status":"publish","type":"page","link":"https:\/\/fosmed.pl\/index.php\/rodo\/","title":{"rendered":"RODO"},"content":{"rendered":"\n<p><strong>PRZETWARZANIA&nbsp; DANYCH&nbsp; OSOBOWYCH w FOSMED&nbsp;<\/strong><\/p>\n\n\n\n<p>Zgodnie&nbsp; z obowi\u0105zuj\u0105cymi przepisami Rozporz\u0105dzenia Parlamentu Europejskiego i Rady&nbsp; UE&nbsp; 2016\/679 z dnia 27 kwietnia 2016 r. w sprawie ochrony os\u00f3b fizycznych&nbsp; w zwi\u0105zku z przetwarzaniem danych osobowych i w sprawie swobodnego przep\u0142ywu takich danych , art. 13 lub 14 jeste\u015bmy zobowi\u0105zani&nbsp; do&nbsp; podania&nbsp; informacje w jaki spos\u00f3b&nbsp; s\u0105 przetwarzane , w jakim celu oraz w jakim zakresie s\u0105 zbierane przez nas dane.<\/p>\n\n\n\n<p>W&nbsp; powy\u017cszym dokumencie udzielamy Ci wymaganych prawem informacji , spe\u0142niaj\u0105c tym samym obowi\u0105zek prawny wynikaj\u0105cy z Rozporz\u0105dzenia PE.<\/p>\n\n\n\n<p>Administratorem&nbsp; danych osobowych&nbsp; jest FOSMED&nbsp;Katarzyna Ruszczy\u0144ska adres: 62-035 K\u00f3rnik ul. Staszica 15\/46 tel. 664315566. e-mail:&nbsp;<a href=\"mailto:kontakt@fosmed.pl\">rodo@fosmed.pl<\/a><\/p>\n\n\n\n<p>W celu realizacji umowy z Narodowym Funduszem Zdrowia oraz mo\u017cliwo\u015bci\u0105 udzielania profilaktycznych \u015bwiadcze\u0144 zdrowotnych jak r\u00f3wnie\u017c prowadzeniem wymaganej dokumentacji przetwarzamy nast\u0119puj\u0105ce dane osobowe: imi\u0119 i nazwisko, adres zamieszkania, numer pesel, dane dotycz\u0105ce stanu zdrowia, dane kontaktowe rodzic\u00f3w.<\/p>\n\n\n\n<p>Twoje dane osobowe pozyskujemy od Ciebie oraz od&nbsp; dyrektora&nbsp; szko\u0142y do kt\u00f3rej&nbsp; ucz\u0119szczasz.&nbsp;&nbsp;<\/p>\n\n\n\n<p>\u00a0Podajesz nam\u00a0 swoje dane osobowe w momencie\u00a0 sk\u0142adania\u00a0 zapisu dziecka do szko\u0142y, wype\u0142niaj\u0105c <a href=\"https:\/\/fosmed.pl\/wp-content\/uploads\/2024\/08\/Karta-Wywiadu-Zdrowotnego-Ucznia-kl.0-1.docx\">wywiad dla piel\u0119gniarki szkolnej<\/a>\u00a0 oraz kart\u0119 badania profilaktycznego.<\/p>\n\n\n\n<p>Twoje dane osobowe s\u0105 nam potrzebne aby realizowa\u0107\u00a0\u00a0 umow\u0119\u00a0 zawart\u0105\u00a0 z\u00a0 NFZ na\u00a0 udzielanie\u00a0 profilaktycznych\u00a0 \u015bwiadcze\u0144\u00a0 zdrowotnych\u00a0 wynikaj\u0105cych z <a href=\"https:\/\/isap.sejm.gov.pl\/isap.nsf\/download.xsp\/WDU20130001248\/O\/D20131248.pdf\">Rozporz\u0105dzenia\u00a0 Ministra Zdrowia z 24 wrze\u015bnia 2013 roku ( Dz.U. z 2013 roku , poz. 1248 )<\/a>, prowadzi\u0107\u00a0 wymagan\u0105\u00a0 dokumentacj\u0119.\u00a0<\/p>\n\n\n\n<p>Twoje dane osobowe b\u0119dziemy wykorzystywa\u0107 na podstawie <a href=\"https:\/\/gdpr.pl\/baza-wiedzy\/akty-prawne\/interaktywny-tekst-gdpr\/artykul-9-przetwarzanie-szczegolnych-kategorii-danych-osobowych\">Art. 9 ust 1 przetwarzanie jest niezb\u0119dne do cel\u00f3w profilaktyki zdrowotnej<\/a> i zapewnienia opieki zdrowotnej.<\/p>\n\n\n\n<p>Gdy b\u0119dzie to niezb\u0119dne dla wykonywanych&nbsp; przez&nbsp; nas&nbsp; us\u0142ug&nbsp; lub obowi\u0105zku prawnego b\u0119dziemy &nbsp;uprawnieni do przekazania twoich danych osobowych&nbsp; Narodowemu&nbsp; Funduszowi Zdrowia , w&nbsp; zwi\u0105zku&nbsp;&nbsp;z&nbsp;zawart\u0105&nbsp; umow\u0105. Przekazujemy tylko te dane, kt\u00f3re s\u0105 niezb\u0119dne do osi\u0105gni\u0119cia danego celu.<strong>&nbsp;D<\/strong>ost\u0119p do danych osobowych mog\u0105 uzyska\u0107 r\u00f3wnie\u017c w toku kontroli&nbsp; uprawnione organy&nbsp; administracji&nbsp; pa\u0144stwowej .<\/p>\n\n\n\n<p>Twoje dane osobowe b\u0119dziemy przechowywa\u0107 przez okres pobierania nauki w danej szkole. Przy&nbsp;zmianie szko\u0142y Twoja karta zdrowia ucznia przekazana zostanie&nbsp; do&nbsp; szko\u0142y , do&nbsp; kt\u00f3rej&nbsp; przeszed\u0142e\u015b.<\/p>\n\n\n\n<p>\u00a0Przetwarzanie Twoich danych osobowych odbywa si\u0119 zgodnie z Ustaw\u0105 o ochronie danych\u00a0osobowych oraz zgodnie z rozporz\u0105dzeniem\u00a0 PE i\u00a0 Rady\u00a0 UE , kieruj\u0105c si\u0119 nast\u0119puj\u0105cymi\u00a0 regu\u0142ami :<\/p>\n\n\n\n<ul class=\"wp-block-list\">\n<li>adekwatno\u015bci \u2013 przetwarzamy tylko te dane, kt\u00f3re s\u0105 niezb\u0119dne dla osi\u0105gni\u0119cia danego\u00a0celu oraz zgodnie z obowi\u0105zuj\u0105cymi przepisami,<\/li>\n\n\n\n<li>transparentno\u015bci \u2013 powiniene\u015b mie\u0107 pe\u0142n\u0105 wiedz\u0119 o tym co dzieje si\u0119 z Twoimi danymi.\u00a0\u00a0\u00a0<\/li>\n<\/ul>\n\n\n\n<p>\u00a0 Niniejszy dokument udziela pe\u0142nej informacji jak Twoje dane osobowe s\u0105 przetwarzane.\u00a0<\/p>\n\n\n\n<ul class=\"wp-block-list\">\n<li>staramy si\u0119 aby Twoje dane osobowe w naszych zbiorach by\u0142y aktualne i zgodne z prawem i nie zawiera\u0142y b\u0142\u0119d\u00f3w.\u00a0<\/li>\n\n\n\n<li>integralno\u015bci i poufno\u015b\u0107 danych \u2013 stosujemy\u00a0 niezb\u0119dne\u00a0 \u015brodki organizacyjne\u00a0 i\u00a0 techniczne zabezpieczaj\u0105ce\u00a0 poufno\u015b\u0107\u00a0 i\u00a0 integralno\u015b\u0107 Twoich\u00a0 danych\u00a0 osobowych ,<\/li>\n<\/ul>\n\n\n\n<ul class=\"wp-block-list\">\n<li>rozliczalno\u015bci \u2013 pragniemy m\u00f3c rozliczy\u0107 si\u0119 z ka\u017cdego naszego dzia\u0142ania na Twoich danych osobowych , tak aby\u015bmy w\u00a0 przypadku Twojego zapytania, mogli Ci udzieli\u0107 rzetelnej i pe\u0142nej informacji.<\/li>\n<\/ul>\n\n\n\n<p><strong>PRAWA JAKIE CI PRZYS\u0141UGUJ\u0104&nbsp;<\/strong><\/p>\n\n\n\n<ul class=\"wp-block-list\">\n<li>\u017c\u0105danie od nas dost\u0119pu do swoich danych osobowych, ich sprostowania, usuni\u0119cia lub ograniczenia przetwarzania,<\/li>\n<\/ul>\n\n\n\n<ul class=\"wp-block-list\">\n<li>wniesienie sprzeciwu wobec dalszego przetwarzanych przez nas Twoich danych osobowych kiedy nie chcesz aby\u015bmy przetwarzali Twoje dane osobowe w okre\u015blonym celu .W takim przypadku dalej b\u0119dziemy przetwarzali Twoje dane dla potrzeb innych cel\u00f3w , ale ju\u017c nie dla\u00a0celu , dla kt\u00f3rego z\u0142o\u017cy\u0142e\u015b sprzeciw,<\/li>\n\n\n\n<li>\u017c\u0105danie uzupe\u0142nienia niekompletnych danych osobowych, w tym poprzez przedstawienie dodatkowego o\u015bwiadczenia,<\/li>\n\n\n\n<li>przeniesienia Twoich danych osobowych innemu administratorowi danych. Je\u017celi uznasz, \u017ce w\u00a0jakikolwiek spos\u00f3b naruszyli\u015bmy zasady przetwarzania Twoich danych osobowych,<\/li>\n<\/ul>\n\n\n\n<ul class=\"wp-block-list\">\n<li>masz prawo do z\u0142o\u017cenia skargi bezpo\u015brednio do organu nadzoru \u2013 jest to Prezes Urz\u0119du Danych Osobowych, podaj\u0105c pe\u0142ny opis zaistnia\u0142ej sytuacji oraz wskaza\u0107 jakie dzia\u0142ania uznajesz za naruszaj\u0105ce Twoje prawa lub wolno\u015bci.<\/li>\n<\/ul>\n\n\n\n<p><\/p>\n","protected":false},"excerpt":{"rendered":"<p>PRZETWARZANIA&nbsp; DANYCH&nbsp; OSOBOWYCH w FOSMED&nbsp; Zgodnie&nbsp; z obowi\u0105zuj\u0105cymi przepisami Rozporz\u0105dzenia Parlamentu Europejskiego i Rady&nbsp; UE&nbsp; 2016\/679 z dnia 27 kwietnia 2016 r. w sprawie ochrony os\u00f3b fizycznych&nbsp; w zwi\u0105zku z przetwarzaniem danych osobowych i w sprawie swobodnego przep\u0142ywu takich danych , art. 13 lub 14 jeste\u015bmy zobowi\u0105zani&nbsp; do&nbsp; podania&nbsp; informacje w jaki spos\u00f3b&nbsp; s\u0105 przetwarzane [&hellip;]<\/p>\n","protected":false},"author":1,"featured_media":0,"parent":0,"menu_order":0,"comment_status":"closed","ping_status":"closed","template":"","meta":{"_gspb_post_css":"","footnotes":""},"class_list":["post-843","page","type-page","status-publish","hentry"],"blocksy_meta":[],"_links":{"self":[{"href":"https:\/\/fosmed.pl\/index.php\/wp-json\/wp\/v2\/pages\/843","targetHints":{"allow":["GET"]}}],"collection":[{"href":"https:\/\/fosmed.pl\/index.php\/wp-json\/wp\/v2\/pages"}],"about":[{"href":"https:\/\/fosmed.pl\/index.php\/wp-json\/wp\/v2\/types\/page"}],"author":[{"embeddable":true,"href":"https:\/\/fosmed.pl\/index.php\/wp-json\/wp\/v2\/users\/1"}],"replies":[{"embeddable":true,"href":"https:\/\/fosmed.pl\/index.php\/wp-json\/wp\/v2\/comments?post=843"}],"version-history":[{"count":3,"href":"https:\/\/fosmed.pl\/index.php\/wp-json\/wp\/v2\/pages\/843\/revisions"}],"predecessor-version":[{"id":850,"href":"https:\/\/fosmed.pl\/index.php\/wp-json\/wp\/v2\/pages\/843\/revisions\/850"}],"wp:attachment":[{"href":"https:\/\/fosmed.pl\/index.php\/wp-json\/wp\/v2\/media?parent=843"}],"curies":[{"name":"wp","href":"https:\/\/api.w.org\/{rel}","templated":true}]}}