{"id":880,"date":"2025-08-29T21:43:05","date_gmt":"2025-08-29T21:43:05","guid":{"rendered":"https:\/\/fosmed.pl\/?page_id=880"},"modified":"2025-08-29T21:43:05","modified_gmt":"2025-08-29T21:43:05","slug":"o-nas","status":"publish","type":"page","link":"https:\/\/fosmed.pl\/index.php\/o-nas\/","title":{"rendered":"O nas"},"content":{"rendered":"\n<p><strong>Bezpieczna i zdrowa szko\u0142a z FOSMED<\/strong><\/p>\n\n\n\n<p>Zapewnij uczniom profesjonaln\u0105 opiek\u0119 piel\u0119gniarsk\u0105 na miejscu. Dbamy o\u202fich bezpiecze\u0144stwo, zdrowie i komfort ka\u017cdego dnia.<\/p>\n\n\n\n<p>** Zdrowie pod kontrol\u0105**<\/p>\n\n\n\n<p>Dzi\u0119ki regularnej obecno\u015bci wykwalifikowanej piel\u0119gniarki, Twoja szko\u0142a mo\u017ce liczy\u0107 na natychmiastow\u0105 pomoc w sytuacjach nag\u0142ych oraz skuteczn\u0105 realizacj\u0119 dzia\u0142a\u0144 profilaktycznych (min pomoc w drobnych urazach, edukacja zdrowotna, kontrola stanu zdrowia).<\/p>\n\n\n\n<p>** Profilaktyka i spok\u00f3j dla rodzic\u00f3w**<\/p>\n\n\n\n<p>Oferujemy dzia\u0142ania zgodne z wymogami prawa (np. fluoryzacja), edukacj\u0119 prozdrowotn\u0105 oraz dost\u0119pno\u015b\u0107 wsparcia piel\u0119gniarskiego \u2014 to realna warto\u015b\u0107 i spok\u00f3j dla rodzic\u00f3w i nauczycieli.<\/p>\n\n\n\n<p>** Zaufaj nam**<\/p>\n\n\n\n<p>FOSMED to medycyna szkolna w powiecie pozna\u0144skim, prowadzona przez do\u015bwiadczon\u0105 piel\u0119gniark\u0119 \u2013 gwarancja rzetelno\u015bci, wiedzy i odpowiedzialno\u015bci w codziennej opiece.<\/p>\n\n\n\n<p>** Skontaktuj si\u0119 ju\u017c dzi\u015b**<\/p>\n\n\n\n<p>Chcesz dowiedzie\u0107 si\u0119 wi\u0119cej? Napisz lub zadzwo\u0144 \u2013 razem zadbamy o zdrowie i bezpiecze\u0144stwo uczni\u00f3w w Twojej szkole.<\/p>\n\n\n\n<figure class=\"wp-block-image size-large\"><img loading=\"lazy\" decoding=\"async\" width=\"683\" height=\"1024\" src=\"https:\/\/fosmed.pl\/wp-content\/uploads\/2024\/08\/456-683x1024.jpg\" alt=\"\" class=\"wp-image-756\" srcset=\"https:\/\/fosmed.pl\/wp-content\/uploads\/2024\/08\/456-683x1024.jpg 683w, https:\/\/fosmed.pl\/wp-content\/uploads\/2024\/08\/456-200x300.jpg 200w, https:\/\/fosmed.pl\/wp-content\/uploads\/2024\/08\/456-768x1152.jpg 768w, https:\/\/fosmed.pl\/wp-content\/uploads\/2024\/08\/456-1024x1536.jpg 1024w, https:\/\/fosmed.pl\/wp-content\/uploads\/2024\/08\/456-1365x2048.jpg 1365w, https:\/\/fosmed.pl\/wp-content\/uploads\/2024\/08\/456-scaled.jpg 1707w\" sizes=\"auto, (max-width: 683px) 100vw, 683px\" \/><\/figure>\n","protected":false},"excerpt":{"rendered":"<p>Bezpieczna i zdrowa szko\u0142a z FOSMED Zapewnij uczniom profesjonaln\u0105 opiek\u0119 piel\u0119gniarsk\u0105 na miejscu. Dbamy o\u202fich bezpiecze\u0144stwo, zdrowie i komfort ka\u017cdego dnia. ** Zdrowie pod kontrol\u0105** Dzi\u0119ki regularnej obecno\u015bci wykwalifikowanej piel\u0119gniarki, Twoja szko\u0142a mo\u017ce liczy\u0107 na natychmiastow\u0105 pomoc w sytuacjach nag\u0142ych oraz skuteczn\u0105 realizacj\u0119 dzia\u0142a\u0144 profilaktycznych (min pomoc w drobnych urazach, edukacja zdrowotna, kontrola stanu zdrowia). [&hellip;]<\/p>\n","protected":false},"author":1,"featured_media":0,"parent":0,"menu_order":0,"comment_status":"closed","ping_status":"closed","template":"","meta":{"_gspb_post_css":"","footnotes":""},"class_list":["post-880","page","type-page","status-publish","hentry"],"blocksy_meta":[],"_links":{"self":[{"href":"https:\/\/fosmed.pl\/index.php\/wp-json\/wp\/v2\/pages\/880","targetHints":{"allow":["GET"]}}],"collection":[{"href":"https:\/\/fosmed.pl\/index.php\/wp-json\/wp\/v2\/pages"}],"about":[{"href":"https:\/\/fosmed.pl\/index.php\/wp-json\/wp\/v2\/types\/page"}],"author":[{"embeddable":true,"href":"https:\/\/fosmed.pl\/index.php\/wp-json\/wp\/v2\/users\/1"}],"replies":[{"embeddable":true,"href":"https:\/\/fosmed.pl\/index.php\/wp-json\/wp\/v2\/comments?post=880"}],"version-history":[{"count":1,"href":"https:\/\/fosmed.pl\/index.php\/wp-json\/wp\/v2\/pages\/880\/revisions"}],"predecessor-version":[{"id":881,"href":"https:\/\/fosmed.pl\/index.php\/wp-json\/wp\/v2\/pages\/880\/revisions\/881"}],"wp:attachment":[{"href":"https:\/\/fosmed.pl\/index.php\/wp-json\/wp\/v2\/media?parent=880"}],"curies":[{"name":"wp","href":"https:\/\/api.w.org\/{rel}","templated":true}]}}